{"id":1673,"date":"2019-09-05T19:55:46","date_gmt":"2019-09-05T17:55:46","guid":{"rendered":"https:\/\/vina-jakac.eu\/la-cantina\/"},"modified":"2019-09-22T22:48:25","modified_gmt":"2019-09-22T20:48:25","slug":"la-cantina","status":"publish","type":"page","link":"https:\/\/vina-jakac.hr\/de\/la-cantina\/","title":{"rendered":"Der Weinkeller"},"content":{"rendered":"<p><div class=\"fusion-fullwidth fullwidth-box fusion-builder-row-1 nonhundred-percent-fullwidth non-hundred-percent-height-scrolling fusion-equal-height-columns\" style=\"--awb-background-position:center top;--awb-border-radius-top-left:0px;--awb-border-radius-top-right:0px;--awb-border-radius-bottom-right:0px;--awb-border-radius-bottom-left:0px;--awb-padding-top:3%;--awb-padding-bottom:1%;--awb-margin-bottom:0px;--awb-background-color:#000000;--awb-flex-wrap:wrap;\" ><div class=\"fusion-builder-row fusion-row\"><div class=\"fusion-layout-column fusion_builder_column fusion-builder-column-0 fusion_builder_column_1_6 1_6 fusion-one-sixth fusion-column-first\" style=\"--awb-bg-size:cover;width:16.666666666667%;width:calc(16.666666666667% - ( ( 4% + 4% ) * 0.16666666666667 ) );margin-right: 4%;\"><div class=\"fusion-column-wrapper fusion-flex-column-wrapper-legacy\"><div class=\"fusion-clearfix\"><\/div><\/div><\/div><div class=\"fusion-layout-column fusion_builder_column fusion-builder-column-1 fusion_builder_column_2_3 2_3 fusion-two-third fusion-animated\" style=\"--awb-padding-top:20px;--awb-bg-position:center top;--awb-bg-size:cover;width:66.666666666667%;width:calc(66.666666666667% - ( ( 4% + 4% ) * 0.66666666666667 ) );margin-right: 4%;\" data-animationType=\"fadeInLeft\" data-animationDuration=\"0.5\" data-animationOffset=\"top-into-view\"><div class=\"fusion-column-wrapper fusion-flex-column-wrapper-legacy\"><div class=\"fusion-column-content-centered\"><div class=\"fusion-column-content\"><div class=\"fusion-sep-clear\"><\/div><div class=\"fusion-separator fusion-no-small-visibility fusion-full-width-sep\" style=\"margin-left: auto;margin-right: auto;margin-bottom:20px;width:100%;\"><\/div><div class=\"fusion-sep-clear\"><\/div><div class=\"fusion-title title fusion-title-1 fusion-sep-none fusion-title-center fusion-title-text fusion-title-size-three\" style=\"--awb-margin-bottom:0px;--awb-margin-top-small:0px;--awb-margin-right-small:0px;--awb-margin-bottom-small:20px;--awb-margin-left-small:0px;--awb-font-size:70px;\"><h3 class=\"fusion-title-heading title-heading-center fusion-responsive-typography-calculated\" style=\"margin:0;font-size:1em;--fontSize:70;line-height:1.4;\"><span style=\"color: #ffffff;\">Der Weinkeller<br \/>\n<\/span><\/h3><\/div><div class=\"fusion-sep-clear\"><\/div><div class=\"fusion-separator fusion-no-small-visibility fusion-full-width-sep\" style=\"margin-left: auto;margin-right: auto;margin-bottom:30px;width:100%;\"><\/div><div class=\"fusion-sep-clear\"><\/div><div class=\"fusion-text fusion-text-1\"><p style=\"text-align: center;\"><span style=\"color: #ffffff;\"> Der Weinkeller befindet sich in der N\u00e4he von Ka\u0161tela, genauer gesagt im Dorf Morozija. Der Gro\u00dfvater Umberto hat ihn im vorigen Jahrhundert erbaut. Einst befanden sich darin gro\u00dfe F\u00e4sser, Trichter, Sammelbeh\u00e4lter und ausschlie\u00dflich h\u00f6lzerne M\u00fchlen, die zur Weinherstellung verwendet wurden. Sp\u00e4ter, Ende der neunziger Jahre, wurde der Keller erweitert und ausgestattet, und hat nun eine Fl\u00e4che von 310 m2 und eine maximale Kapazit\u00e4t von 700 hl.<\/span><\/p>\n<\/div><div class=\"fusion-image-element fusion-image-align-center in-legacy-container\" style=\"text-align:center;--awb-max-width:120px;--awb-caption-title-font-family:var(--h2_typography-font-family);--awb-caption-title-font-weight:var(--h2_typography-font-weight);--awb-caption-title-font-style:var(--h2_typography-font-style);--awb-caption-title-size:var(--h2_typography-font-size);--awb-caption-title-transform:var(--h2_typography-text-transform);--awb-caption-title-line-height:var(--h2_typography-line-height);--awb-caption-title-letter-spacing:var(--h2_typography-letter-spacing);\"><div class=\"imageframe-align-center\"><span class=\" fusion-imageframe imageframe-none imageframe-1 hover-type-none\" style=\"border-radius:200px;\"><img decoding=\"async\" width=\"537\" height=\"537\" title=\"CELLAR_icon\" src=\"https:\/\/vina-jakac.eu\/wp-content\/uploads\/2019\/09\/CELLAR_icon.png\" alt class=\"img-responsive wp-image-2169\" srcset=\"https:\/\/vina-jakac.hr\/wp-content\/uploads\/2019\/09\/CELLAR_icon-200x200.png 200w, https:\/\/vina-jakac.hr\/wp-content\/uploads\/2019\/09\/CELLAR_icon-400x400.png 400w, https:\/\/vina-jakac.hr\/wp-content\/uploads\/2019\/09\/CELLAR_icon.png 537w\" sizes=\"(max-width: 800px) 100vw, 537px\" \/><\/span><\/div><\/div><div class=\"fusion-fa-align-center\"><i class=\"fb-icon-element-1 fb-icon-element fontawesome-icon fa-angle-down fas circle-no\" style=\"--awb-font-size:45px;--awb-margin-top:5px;\"><\/i><\/div><div class=\"fusion-sep-clear\"><\/div><div class=\"fusion-separator fusion-no-small-visibility fusion-full-width-sep\" style=\"margin-left: auto;margin-right: auto;margin-bottom:20px;width:100%;\"><\/div><div class=\"fusion-sep-clear\"><\/div><\/div><\/div><div class=\"fusion-clearfix\"><\/div><\/div><\/div><div class=\"fusion-layout-column fusion_builder_column fusion-builder-column-2 fusion_builder_column_1_6 1_6 fusion-one-sixth fusion-column-last\" style=\"--awb-bg-size:cover;width:16.666666666667%;width:calc(16.666666666667% - ( ( 4% + 4% ) * 0.16666666666667 ) );\"><div class=\"fusion-column-wrapper fusion-flex-column-wrapper-legacy\"><div class=\"fusion-clearfix\"><\/div><\/div><\/div><\/div><\/div><div class=\"fusion-fullwidth fullwidth-box fusion-builder-row-2 nonhundred-percent-fullwidth non-hundred-percent-height-scrolling fusion-no-small-visibility fusion-no-medium-visibility\" style=\"--awb-border-radius-top-left:0px;--awb-border-radius-top-right:0px;--awb-border-radius-bottom-right:0px;--awb-border-radius-bottom-left:0px;--awb-background-color:#000000;--awb-flex-wrap:wrap;\" ><div class=\"fusion-builder-row fusion-row\"><div class=\"fusion-layout-column fusion_builder_column fusion-builder-column-3 fusion_builder_column_1_1 1_1 fusion-one-full fusion-column-first fusion-column-last\" style=\"--awb-bg-size:cover;--awb-margin-bottom:0px;\"><div class=\"fusion-column-wrapper fusion-flex-column-wrapper-legacy\"><div class=\"fusion-section-separator section-separator slant fusion-section-separator-1\" style=\"--awb-spacer-height:99px;--awb-svg-margin-left:0;--awb-svg-margin-right:0;--awb-divider-height:99px;--awb-spacer-padding-top:inherit;--awb-sep-padding:0;--awb-svg-padding:0;--awb-svg-tag-margin-bottom:-3px;--awb-sep-svg-display:block;\"><div class=\"fusion-section-separator-svg\"><svg class=\"fusion-slant-candy\" xmlns=\"http:\/\/www.w3.org\/2000\/svg\" version=\"1.1\" width=\"100%\" height=\"100\" viewBox=\"0 0 100 100\" preserveAspectRatio=\"none\" fill=\"rgba(255,255,255,1)\"><path d=\"M100 0 L0 100 L101 100 Z\"><\/path><\/svg><\/div><div class=\"fusion-section-separator-spacer\"><div class=\"fusion-section-separator-spacer-height\"><\/div><\/div><\/div><div class=\"fusion-clearfix\"><\/div><\/div><\/div><\/div><\/div><div class=\"fusion-fullwidth fullwidth-box fusion-builder-row-3 nonhundred-percent-fullwidth non-hundred-percent-height-scrolling fusion-equal-height-columns\" style=\"--awb-border-radius-top-left:0px;--awb-border-radius-top-right:0px;--awb-border-radius-bottom-right:0px;--awb-border-radius-bottom-left:0px;--awb-padding-top:3%;--awb-padding-bottom:6%;--awb-flex-wrap:wrap;\" ><div class=\"fusion-builder-row fusion-row\"><div class=\"fusion-layout-column fusion_builder_column fusion-builder-column-4 fusion_builder_column_1_1 1_1 fusion-one-full fusion-column-first fusion-column-last fusion-column-no-min-height\" style=\"--awb-padding-top:30px;--awb-bg-size:cover;\"><div class=\"fusion-column-wrapper fusion-flex-column-wrapper-legacy\"><div class=\"fusion-title title fusion-title-2 fusion-sep-none fusion-title-text fusion-title-size-three\" style=\"--awb-margin-top-small:0px;--awb-margin-right-small:0px;--awb-margin-bottom-small:20px;--awb-margin-left-small:0px;--awb-font-size:70px;\"><h3 class=\"fusion-title-heading title-heading-right fusion-responsive-typography-calculated\" style=\"margin:0;font-size:1em;--fontSize:70;line-height:1.4;\"><p style=\"text-align: center;\"><span style=\"font-size: 36pt; color: #bd925d;\">Fotogalerie<\/span><\/p><\/h3><\/div><div class=\"awb-gallery-wrapper awb-gallery-wrapper-1 button-span-no\"><div style=\"margin:-5px;--awb-bordersize:0px;\" class=\"fusion-gallery fusion-gallery-container fusion-grid-4 fusion-columns-total-11 fusion-gallery-layout-masonry fusion-gallery-1\"><div class=\"fusion-grid-column fusion-gallery-column fusion-gallery-column-4 hover-type-zoomin fusion-grid-sizer\"><\/div><div style=\"padding:5px;\" class=\"fusion-grid-column fusion-gallery-column fusion-gallery-column-4 hover-type-zoomin fusion-element-grid\"><div class=\"fusion-gallery-image\"><a href=\"https:\/\/vina-jakac.hr\/wp-content\/uploads\/2019\/09\/IMG_3122_resize.jpeg\" rel=\"noreferrer\" data-rel=\"iLightbox[gallery_image_1]\" class=\"fusion-lightbox\" target=\"_self\"><div style=\"background-image:url(https:\/\/vina-jakac.hr\/wp-content\/uploads\/2019\/09\/IMG_3122_resize.jpeg);padding-top:calc((100% + 10px) * 0.8 - 5px);background-position:;\" class=\"fusion-masonry-element-container\"><img decoding=\"async\" src=\"https:\/\/vina-jakac.hr\/wp-content\/uploads\/2019\/09\/IMG_3122_resize.jpeg\" width=\"1872\" height=\"1248\" alt=\"\" title=\"IMG_3122_resize\" aria-label=\"IMG_3122_resize\" class=\"img-responsive wp-image-1363\" srcset=\"https:\/\/vina-jakac.hr\/wp-content\/uploads\/2019\/09\/IMG_3122_resize-200x133.jpeg 200w, https:\/\/vina-jakac.hr\/wp-content\/uploads\/2019\/09\/IMG_3122_resize-400x267.jpeg 400w, https:\/\/vina-jakac.hr\/wp-content\/uploads\/2019\/09\/IMG_3122_resize-600x400.jpeg 600w, https:\/\/vina-jakac.hr\/wp-content\/uploads\/2019\/09\/IMG_3122_resize-800x533.jpeg 800w, https:\/\/vina-jakac.hr\/wp-content\/uploads\/2019\/09\/IMG_3122_resize-1200x800.jpeg 1200w, https:\/\/vina-jakac.hr\/wp-content\/uploads\/2019\/09\/IMG_3122_resize.jpeg 1872w\" sizes=\"(min-width: 2200px) 100vw, (min-width: 856px) 281px, (min-width: 784px) 375px, (min-width: 712px) 563px, (min-width: 640px) 712px, \" \/><\/div><\/a><\/div><\/div><div style=\"padding:5px;\" class=\"fusion-grid-column fusion-gallery-column fusion-gallery-column-4 hover-type-zoomin fusion-element-portrait\"><div class=\"fusion-gallery-image\"><a href=\"https:\/\/vina-jakac.hr\/wp-content\/uploads\/2019\/09\/IMG_3148_resize.jpeg\" rel=\"noreferrer\" data-rel=\"iLightbox[gallery_image_1]\" class=\"fusion-lightbox\" target=\"_self\"><div style=\"background-image:url(https:\/\/vina-jakac.hr\/wp-content\/uploads\/2019\/09\/IMG_3148_resize.jpeg);padding-top:calc((100% + 10px) * 1.6);background-position:;\" class=\"fusion-masonry-element-container\"><img decoding=\"async\" src=\"https:\/\/vina-jakac.hr\/wp-content\/uploads\/2019\/09\/IMG_3148_resize.jpeg\" width=\"1248\" height=\"1872\" alt=\"\" title=\"IMG_3148_resize\" aria-label=\"IMG_3148_resize\" class=\"img-responsive wp-image-1365\" srcset=\"https:\/\/vina-jakac.hr\/wp-content\/uploads\/2019\/09\/IMG_3148_resize-200x300.jpeg 200w, https:\/\/vina-jakac.hr\/wp-content\/uploads\/2019\/09\/IMG_3148_resize-400x600.jpeg 400w, https:\/\/vina-jakac.hr\/wp-content\/uploads\/2019\/09\/IMG_3148_resize-600x900.jpeg 600w, https:\/\/vina-jakac.hr\/wp-content\/uploads\/2019\/09\/IMG_3148_resize-800x1200.jpeg 800w, https:\/\/vina-jakac.hr\/wp-content\/uploads\/2019\/09\/IMG_3148_resize-1200x1800.jpeg 1200w, https:\/\/vina-jakac.hr\/wp-content\/uploads\/2019\/09\/IMG_3148_resize.jpeg 1248w\" sizes=\"(min-width: 2200px) 100vw, (min-width: 856px) 281px, (min-width: 784px) 375px, (min-width: 712px) 563px, (min-width: 640px) 712px, \" \/><\/div><\/a><\/div><\/div><div style=\"padding:5px;\" class=\"fusion-grid-column fusion-gallery-column fusion-gallery-column-4 hover-type-zoomin fusion-element-portrait\"><div class=\"fusion-gallery-image\"><a href=\"https:\/\/vina-jakac.hr\/wp-content\/uploads\/2019\/09\/IMG_3152_resize.jpeg\" rel=\"noreferrer\" data-rel=\"iLightbox[gallery_image_1]\" class=\"fusion-lightbox\" target=\"_self\"><div style=\"background-image:url(https:\/\/vina-jakac.hr\/wp-content\/uploads\/2019\/09\/IMG_3152_resize.jpeg);padding-top:calc((100% + 10px) * 1.6);background-position:;\" class=\"fusion-masonry-element-container\"><img decoding=\"async\" src=\"https:\/\/vina-jakac.hr\/wp-content\/uploads\/2019\/09\/IMG_3152_resize.jpeg\" width=\"1248\" height=\"1872\" alt=\"\" title=\"IMG_3152_resize\" aria-label=\"IMG_3152_resize\" class=\"img-responsive wp-image-1366\" srcset=\"https:\/\/vina-jakac.hr\/wp-content\/uploads\/2019\/09\/IMG_3152_resize-200x300.jpeg 200w, https:\/\/vina-jakac.hr\/wp-content\/uploads\/2019\/09\/IMG_3152_resize-400x600.jpeg 400w, https:\/\/vina-jakac.hr\/wp-content\/uploads\/2019\/09\/IMG_3152_resize-600x900.jpeg 600w, https:\/\/vina-jakac.hr\/wp-content\/uploads\/2019\/09\/IMG_3152_resize-800x1200.jpeg 800w, https:\/\/vina-jakac.hr\/wp-content\/uploads\/2019\/09\/IMG_3152_resize-1200x1800.jpeg 1200w, https:\/\/vina-jakac.hr\/wp-content\/uploads\/2019\/09\/IMG_3152_resize.jpeg 1248w\" sizes=\"(min-width: 2200px) 100vw, (min-width: 856px) 281px, (min-width: 784px) 375px, (min-width: 712px) 563px, (min-width: 640px) 712px, \" \/><\/div><\/a><\/div><\/div><div style=\"padding:5px;\" class=\"fusion-grid-column fusion-gallery-column fusion-gallery-column-4 hover-type-zoomin fusion-element-portrait\"><div class=\"fusion-gallery-image\"><a href=\"https:\/\/vina-jakac.hr\/wp-content\/uploads\/2019\/09\/IMG_3154_resize.jpeg\" rel=\"noreferrer\" data-rel=\"iLightbox[gallery_image_1]\" class=\"fusion-lightbox\" target=\"_self\"><div style=\"background-image:url(https:\/\/vina-jakac.hr\/wp-content\/uploads\/2019\/09\/IMG_3154_resize.jpeg);padding-top:calc((100% + 10px) * 1.6);background-position:;\" class=\"fusion-masonry-element-container\"><img decoding=\"async\" src=\"https:\/\/vina-jakac.hr\/wp-content\/uploads\/2019\/09\/IMG_3154_resize.jpeg\" width=\"998\" height=\"1498\" alt=\"\" title=\"IMG_3154_resize\" aria-label=\"IMG_3154_resize\" class=\"img-responsive wp-image-1367\" srcset=\"https:\/\/vina-jakac.hr\/wp-content\/uploads\/2019\/09\/IMG_3154_resize-200x300.jpeg 200w, https:\/\/vina-jakac.hr\/wp-content\/uploads\/2019\/09\/IMG_3154_resize-400x600.jpeg 400w, https:\/\/vina-jakac.hr\/wp-content\/uploads\/2019\/09\/IMG_3154_resize-600x901.jpeg 600w, https:\/\/vina-jakac.hr\/wp-content\/uploads\/2019\/09\/IMG_3154_resize-800x1201.jpeg 800w, https:\/\/vina-jakac.hr\/wp-content\/uploads\/2019\/09\/IMG_3154_resize.jpeg 998w\" sizes=\"(min-width: 2200px) 100vw, (min-width: 856px) 281px, (min-width: 784px) 375px, (min-width: 712px) 563px, (min-width: 640px) 712px, \" \/><\/div><\/a><\/div><\/div><div style=\"padding:5px;\" class=\"fusion-grid-column fusion-gallery-column fusion-gallery-column-4 hover-type-zoomin fusion-element-grid\"><div class=\"fusion-gallery-image\"><a href=\"https:\/\/vina-jakac.hr\/wp-content\/uploads\/2019\/09\/IMG_3158_resize.jpeg\" rel=\"noreferrer\" data-rel=\"iLightbox[gallery_image_1]\" class=\"fusion-lightbox\" target=\"_self\"><div style=\"background-image:url(https:\/\/vina-jakac.hr\/wp-content\/uploads\/2019\/09\/IMG_3158_resize.jpeg);padding-top:calc((100% + 10px) * 0.8 - 5px);background-position:;\" class=\"fusion-masonry-element-container\"><img decoding=\"async\" src=\"https:\/\/vina-jakac.hr\/wp-content\/uploads\/2019\/09\/IMG_3158_resize.jpeg\" width=\"1872\" height=\"1248\" alt=\"\" title=\"IMG_3158_resize\" aria-label=\"IMG_3158_resize\" class=\"img-responsive wp-image-1368\" srcset=\"https:\/\/vina-jakac.hr\/wp-content\/uploads\/2019\/09\/IMG_3158_resize-200x133.jpeg 200w, https:\/\/vina-jakac.hr\/wp-content\/uploads\/2019\/09\/IMG_3158_resize-400x267.jpeg 400w, https:\/\/vina-jakac.hr\/wp-content\/uploads\/2019\/09\/IMG_3158_resize-600x400.jpeg 600w, https:\/\/vina-jakac.hr\/wp-content\/uploads\/2019\/09\/IMG_3158_resize-800x533.jpeg 800w, https:\/\/vina-jakac.hr\/wp-content\/uploads\/2019\/09\/IMG_3158_resize-1200x800.jpeg 1200w, https:\/\/vina-jakac.hr\/wp-content\/uploads\/2019\/09\/IMG_3158_resize.jpeg 1872w\" sizes=\"(min-width: 2200px) 100vw, (min-width: 856px) 281px, (min-width: 784px) 375px, (min-width: 712px) 563px, (min-width: 640px) 712px, \" \/><\/div><\/a><\/div><\/div><div style=\"padding:5px;\" class=\"fusion-grid-column fusion-gallery-column fusion-gallery-column-4 hover-type-zoomin fusion-element-portrait\"><div class=\"fusion-gallery-image\"><a href=\"https:\/\/vina-jakac.hr\/wp-content\/uploads\/2019\/09\/IMG_3164_resize.jpeg\" rel=\"noreferrer\" data-rel=\"iLightbox[gallery_image_1]\" class=\"fusion-lightbox\" target=\"_self\"><div style=\"background-image:url(https:\/\/vina-jakac.hr\/wp-content\/uploads\/2019\/09\/IMG_3164_resize.jpeg);padding-top:calc((100% + 10px) * 1.6);background-position:;\" class=\"fusion-masonry-element-container\"><img decoding=\"async\" src=\"https:\/\/vina-jakac.hr\/wp-content\/uploads\/2019\/09\/IMG_3164_resize.jpeg\" width=\"1248\" height=\"1872\" alt=\"\" title=\"IMG_3164_resize\" aria-label=\"IMG_3164_resize\" class=\"img-responsive wp-image-1369\" srcset=\"https:\/\/vina-jakac.hr\/wp-content\/uploads\/2019\/09\/IMG_3164_resize-200x300.jpeg 200w, https:\/\/vina-jakac.hr\/wp-content\/uploads\/2019\/09\/IMG_3164_resize-400x600.jpeg 400w, https:\/\/vina-jakac.hr\/wp-content\/uploads\/2019\/09\/IMG_3164_resize-600x900.jpeg 600w, https:\/\/vina-jakac.hr\/wp-content\/uploads\/2019\/09\/IMG_3164_resize-800x1200.jpeg 800w, https:\/\/vina-jakac.hr\/wp-content\/uploads\/2019\/09\/IMG_3164_resize-1200x1800.jpeg 1200w, https:\/\/vina-jakac.hr\/wp-content\/uploads\/2019\/09\/IMG_3164_resize.jpeg 1248w\" sizes=\"(min-width: 2200px) 100vw, (min-width: 856px) 281px, (min-width: 784px) 375px, (min-width: 712px) 563px, (min-width: 640px) 712px, \" \/><\/div><\/a><\/div><\/div><div style=\"padding:5px;\" class=\"fusion-grid-column fusion-gallery-column fusion-gallery-column-4 hover-type-zoomin fusion-element-portrait\"><div class=\"fusion-gallery-image\"><a href=\"https:\/\/vina-jakac.hr\/wp-content\/uploads\/2019\/09\/IMG_3167_resize.jpeg\" rel=\"noreferrer\" data-rel=\"iLightbox[gallery_image_1]\" class=\"fusion-lightbox\" target=\"_self\"><div style=\"background-image:url(https:\/\/vina-jakac.hr\/wp-content\/uploads\/2019\/09\/IMG_3167_resize.jpeg);padding-top:calc((100% + 10px) * 1.6);background-position:;\" class=\"fusion-masonry-element-container\"><img decoding=\"async\" src=\"https:\/\/vina-jakac.hr\/wp-content\/uploads\/2019\/09\/IMG_3167_resize.jpeg\" width=\"1248\" height=\"1872\" alt=\"\" title=\"IMG_3167_resize\" aria-label=\"IMG_3167_resize\" class=\"img-responsive wp-image-1370\" srcset=\"https:\/\/vina-jakac.hr\/wp-content\/uploads\/2019\/09\/IMG_3167_resize-200x300.jpeg 200w, https:\/\/vina-jakac.hr\/wp-content\/uploads\/2019\/09\/IMG_3167_resize-400x600.jpeg 400w, https:\/\/vina-jakac.hr\/wp-content\/uploads\/2019\/09\/IMG_3167_resize-600x900.jpeg 600w, https:\/\/vina-jakac.hr\/wp-content\/uploads\/2019\/09\/IMG_3167_resize-800x1200.jpeg 800w, https:\/\/vina-jakac.hr\/wp-content\/uploads\/2019\/09\/IMG_3167_resize-1200x1800.jpeg 1200w, https:\/\/vina-jakac.hr\/wp-content\/uploads\/2019\/09\/IMG_3167_resize.jpeg 1248w\" sizes=\"(min-width: 2200px) 100vw, (min-width: 856px) 281px, (min-width: 784px) 375px, (min-width: 712px) 563px, (min-width: 640px) 712px, \" \/><\/div><\/a><\/div><\/div><div style=\"padding:5px;\" class=\"fusion-grid-column fusion-gallery-column fusion-gallery-column-4 hover-type-zoomin fusion-element-grid\"><div class=\"fusion-gallery-image\"><a href=\"https:\/\/vina-jakac.hr\/wp-content\/uploads\/2019\/09\/IMG_3173_resize.jpeg\" rel=\"noreferrer\" data-rel=\"iLightbox[gallery_image_1]\" class=\"fusion-lightbox\" target=\"_self\"><div style=\"background-image:url(https:\/\/vina-jakac.hr\/wp-content\/uploads\/2019\/09\/IMG_3173_resize.jpeg);padding-top:calc((100% + 10px) * 0.8 - 5px);background-position:;\" class=\"fusion-masonry-element-container\"><img decoding=\"async\" src=\"https:\/\/vina-jakac.hr\/wp-content\/uploads\/2019\/09\/IMG_3173_resize.jpeg\" width=\"1630\" height=\"1087\" alt=\"\" title=\"IMG_3173_resize\" aria-label=\"IMG_3173_resize\" class=\"img-responsive wp-image-1371\" srcset=\"https:\/\/vina-jakac.hr\/wp-content\/uploads\/2019\/09\/IMG_3173_resize-200x133.jpeg 200w, https:\/\/vina-jakac.hr\/wp-content\/uploads\/2019\/09\/IMG_3173_resize-400x267.jpeg 400w, https:\/\/vina-jakac.hr\/wp-content\/uploads\/2019\/09\/IMG_3173_resize-600x400.jpeg 600w, https:\/\/vina-jakac.hr\/wp-content\/uploads\/2019\/09\/IMG_3173_resize-800x533.jpeg 800w, https:\/\/vina-jakac.hr\/wp-content\/uploads\/2019\/09\/IMG_3173_resize-1200x800.jpeg 1200w, https:\/\/vina-jakac.hr\/wp-content\/uploads\/2019\/09\/IMG_3173_resize.jpeg 1630w\" sizes=\"(min-width: 2200px) 100vw, (min-width: 856px) 281px, (min-width: 784px) 375px, (min-width: 712px) 563px, (min-width: 640px) 712px, \" \/><\/div><\/a><\/div><\/div><div style=\"padding:5px;\" class=\"fusion-grid-column fusion-gallery-column fusion-gallery-column-4 hover-type-zoomin fusion-element-grid\"><div class=\"fusion-gallery-image\"><a href=\"https:\/\/vina-jakac.hr\/wp-content\/uploads\/2019\/09\/IMG_3176x_resize.jpeg\" rel=\"noreferrer\" data-rel=\"iLightbox[gallery_image_1]\" class=\"fusion-lightbox\" target=\"_self\"><div style=\"background-image:url(https:\/\/vina-jakac.hr\/wp-content\/uploads\/2019\/09\/IMG_3176x_resize.jpeg);padding-top:calc((100% + 10px) * 0.8 - 5px);background-position:;\" class=\"fusion-masonry-element-container\"><img decoding=\"async\" src=\"https:\/\/vina-jakac.hr\/wp-content\/uploads\/2019\/09\/IMG_3176x_resize.jpeg\" width=\"1553\" height=\"1036\" alt=\"\" title=\"IMG_3176x_resize\" aria-label=\"IMG_3176x_resize\" class=\"img-responsive wp-image-1372\" srcset=\"https:\/\/vina-jakac.hr\/wp-content\/uploads\/2019\/09\/IMG_3176x_resize-200x133.jpeg 200w, https:\/\/vina-jakac.hr\/wp-content\/uploads\/2019\/09\/IMG_3176x_resize-400x267.jpeg 400w, https:\/\/vina-jakac.hr\/wp-content\/uploads\/2019\/09\/IMG_3176x_resize-600x400.jpeg 600w, https:\/\/vina-jakac.hr\/wp-content\/uploads\/2019\/09\/IMG_3176x_resize-800x534.jpeg 800w, https:\/\/vina-jakac.hr\/wp-content\/uploads\/2019\/09\/IMG_3176x_resize-1200x801.jpeg 1200w, https:\/\/vina-jakac.hr\/wp-content\/uploads\/2019\/09\/IMG_3176x_resize.jpeg 1553w\" sizes=\"(min-width: 2200px) 100vw, (min-width: 856px) 281px, (min-width: 784px) 375px, (min-width: 712px) 563px, (min-width: 640px) 712px, \" \/><\/div><\/a><\/div><\/div><div style=\"padding:5px;\" class=\"fusion-grid-column fusion-gallery-column fusion-gallery-column-4 hover-type-zoomin fusion-element-grid\"><div class=\"fusion-gallery-image\"><a href=\"https:\/\/vina-jakac.hr\/wp-content\/uploads\/2019\/09\/IMG_3181_resize.jpeg\" rel=\"noreferrer\" data-rel=\"iLightbox[gallery_image_1]\" class=\"fusion-lightbox\" target=\"_self\"><div style=\"background-image:url(https:\/\/vina-jakac.hr\/wp-content\/uploads\/2019\/09\/IMG_3181_resize.jpeg);padding-top:calc((100% + 10px) * 0.8 - 5px);background-position:;\" class=\"fusion-masonry-element-container\"><img decoding=\"async\" src=\"https:\/\/vina-jakac.hr\/wp-content\/uploads\/2019\/09\/IMG_3181_resize.jpeg\" width=\"1704\" height=\"1136\" alt=\"\" title=\"IMG_3181_resize\" aria-label=\"IMG_3181_resize\" class=\"img-responsive wp-image-1373\" srcset=\"https:\/\/vina-jakac.hr\/wp-content\/uploads\/2019\/09\/IMG_3181_resize-200x133.jpeg 200w, https:\/\/vina-jakac.hr\/wp-content\/uploads\/2019\/09\/IMG_3181_resize-400x267.jpeg 400w, https:\/\/vina-jakac.hr\/wp-content\/uploads\/2019\/09\/IMG_3181_resize-600x400.jpeg 600w, https:\/\/vina-jakac.hr\/wp-content\/uploads\/2019\/09\/IMG_3181_resize-800x533.jpeg 800w, https:\/\/vina-jakac.hr\/wp-content\/uploads\/2019\/09\/IMG_3181_resize-1200x800.jpeg 1200w, https:\/\/vina-jakac.hr\/wp-content\/uploads\/2019\/09\/IMG_3181_resize.jpeg 1704w\" sizes=\"(min-width: 2200px) 100vw, (min-width: 856px) 281px, (min-width: 784px) 375px, (min-width: 712px) 563px, (min-width: 640px) 712px, \" \/><\/div><\/a><\/div><\/div><div style=\"padding:5px;\" class=\"fusion-grid-column fusion-gallery-column fusion-gallery-column-4 hover-type-zoomin fusion-element-grid\"><div class=\"fusion-gallery-image\"><a href=\"https:\/\/vina-jakac.hr\/wp-content\/uploads\/2019\/09\/IMG_3186_resize.jpeg\" rel=\"noreferrer\" data-rel=\"iLightbox[gallery_image_1]\" class=\"fusion-lightbox\" target=\"_self\"><div style=\"background-image:url(https:\/\/vina-jakac.hr\/wp-content\/uploads\/2019\/09\/IMG_3186_resize.jpeg);padding-top:calc((100% + 10px) * 0.8 - 5px);background-position:;\" class=\"fusion-masonry-element-container\"><img decoding=\"async\" src=\"https:\/\/vina-jakac.hr\/wp-content\/uploads\/2019\/09\/IMG_3186_resize.jpeg\" width=\"1486\" height=\"991\" alt=\"\" title=\"IMG_3186_resize\" aria-label=\"IMG_3186_resize\" class=\"img-responsive wp-image-1374\" srcset=\"https:\/\/vina-jakac.hr\/wp-content\/uploads\/2019\/09\/IMG_3186_resize-200x133.jpeg 200w, https:\/\/vina-jakac.hr\/wp-content\/uploads\/2019\/09\/IMG_3186_resize-400x267.jpeg 400w, https:\/\/vina-jakac.hr\/wp-content\/uploads\/2019\/09\/IMG_3186_resize-600x400.jpeg 600w, https:\/\/vina-jakac.hr\/wp-content\/uploads\/2019\/09\/IMG_3186_resize-800x534.jpeg 800w, https:\/\/vina-jakac.hr\/wp-content\/uploads\/2019\/09\/IMG_3186_resize-1200x800.jpeg 1200w, https:\/\/vina-jakac.hr\/wp-content\/uploads\/2019\/09\/IMG_3186_resize.jpeg 1486w\" sizes=\"(min-width: 2200px) 100vw, (min-width: 856px) 281px, (min-width: 784px) 375px, (min-width: 712px) 563px, (min-width: 640px) 712px, \" \/><\/div><\/a><\/div><\/div><\/div><\/div><div class=\"fusion-clearfix\"><\/div><\/div><\/div><\/div><\/div><\/p>\n","protected":false},"excerpt":{"rendered":"","protected":false},"author":1,"featured_media":0,"parent":0,"menu_order":0,"comment_status":"closed","ping_status":"closed","template":"100-width.php","meta":{"footnotes":""},"class_list":["post-1673","page","type-page","status-publish","hentry"],"_links":{"self":[{"href":"https:\/\/vina-jakac.hr\/de\/wp-json\/wp\/v2\/pages\/1673","targetHints":{"allow":["GET"]}}],"collection":[{"href":"https:\/\/vina-jakac.hr\/de\/wp-json\/wp\/v2\/pages"}],"about":[{"href":"https:\/\/vina-jakac.hr\/de\/wp-json\/wp\/v2\/types\/page"}],"author":[{"embeddable":true,"href":"https:\/\/vina-jakac.hr\/de\/wp-json\/wp\/v2\/users\/1"}],"replies":[{"embeddable":true,"href":"https:\/\/vina-jakac.hr\/de\/wp-json\/wp\/v2\/comments?post=1673"}],"version-history":[{"count":1,"href":"https:\/\/vina-jakac.hr\/de\/wp-json\/wp\/v2\/pages\/1673\/revisions"}],"predecessor-version":[{"id":2083,"href":"https:\/\/vina-jakac.hr\/de\/wp-json\/wp\/v2\/pages\/1673\/revisions\/2083"}],"wp:attachment":[{"href":"https:\/\/vina-jakac.hr\/de\/wp-json\/wp\/v2\/media?parent=1673"}],"curies":[{"name":"wp","href":"https:\/\/api.w.org\/{rel}","templated":true}]}}