{"id":2019,"date":"2018-05-17T17:19:20","date_gmt":"2018-05-17T15:19:20","guid":{"rendered":"https:\/\/vina-jakac.hr\/zastita-osobnih-podataka\/"},"modified":"2019-09-24T18:47:26","modified_gmt":"2019-09-24T16:47:26","slug":"zastita-osobnih-podataka","status":"publish","type":"page","link":"https:\/\/vina-jakac.hr\/de\/zastita-osobnih-podataka\/","title":{"rendered":"Schutz der pers\u00f6nlichen Daten"},"content":{"rendered":"<div class=\"fusion-fullwidth fullwidth-box fusion-builder-row-1 nonhundred-percent-fullwidth non-hundred-percent-height-scrolling\" style=\"--awb-border-radius-top-left:0px;--awb-border-radius-top-right:0px;--awb-border-radius-bottom-right:0px;--awb-border-radius-bottom-left:0px;--awb-flex-wrap:wrap;\" ><div class=\"fusion-builder-row fusion-row\"><div class=\"fusion-layout-column fusion_builder_column fusion-builder-column-0 fusion_builder_column_1_6 1_6 fusion-one-sixth fusion-column-first\" style=\"--awb-bg-size:cover;width:16.666666666667%;width:calc(16.666666666667% - ( ( 4% + 4% ) * 0.16666666666667 ) );margin-right: 4%;\"><div class=\"fusion-column-wrapper fusion-flex-column-wrapper-legacy\"><div class=\"fusion-clearfix\"><\/div><\/div><\/div><div class=\"fusion-layout-column fusion_builder_column fusion-builder-column-1 fusion_builder_column_2_3 2_3 fusion-two-third\" style=\"--awb-bg-size:cover;width:66.666666666667%;width:calc(66.666666666667% - ( ( 4% + 4% ) * 0.66666666666667 ) );margin-right: 4%;\"><div class=\"fusion-column-wrapper fusion-flex-column-wrapper-legacy\"><div class=\"fusion-text fusion-text-1\"><p>Schutz personenbezogener Daten auf der Website vina-jakac.hr.<\/p>\n<p><b>Daten, die wir sammeln<\/b><\/p>\n<p>Der Zugriff auf die Website vina-jakac.hr ist kostenlos und keine Registrierung erforderlich. Wenn Sie sich per Kontaktformular oder per E-Mail mit uns in Verbindung setzen, geben Sie Ihre Daten ein (Kontakt, Name und Vorname, und im Text der Nachricht geben Sie bitte einige pers\u00f6nliche Informationen an). Diese Informationen sind nur bei OPG Korado Jakac verf\u00fcgbar, an die Ihre Anfrage gerichtet ist. Die Angabe Ihrer pers\u00f6nlichen Daten ist eine rein freiwillige Handlung. Wir verarbeiten keine personenbezogenen Daten mehr, die zur Beantwortung Ihrer Frage erforderlich sind.<\/p>\n<p><b>Schutz personenbezogener Daten<\/b><\/p>\n<p>OPG Korado Jakac respektiert Ihre Privatsph\u00e4re und behandelt Ihre pers\u00f6nlichen Daten ehrlich und rechtlich. Wir speichern Ihre pers\u00f6nlichen Daten auf elektronischem Wege und wenden zum Zwecke des Schutzes die technischen, organisatorischen und personenbezogenen Datenschutzma\u00dfnahmen und -verfahren an, um den unbefugten Zugriff auf personenbezogene Daten zu verhindern.<\/p>\n<p><b>Nachrichten in elektronischem Format<\/b><\/p>\n<p>Wenn Sie uns eine E-Mail mit Ihren pers\u00f6nlichen Informationen senden, durch die Sie diese identifizieren k\u00f6nnen, unabh\u00e4ngig davon, ob es sich um eine Frage per E-Mail oder um eine Anfrage handelt, die \u00fcber die Kontaktformulare auf der Website vina-jakac.hr erfolgt. Wir verwenden diese Informationen nur, um Ihre Fragen zu beantworten. Wir verarbeiten personenbezogene Daten zu Marketingzwecken nicht und werden bis Ende des Kalenderjahres aus unserem E-Mail-Programm gel\u00f6scht, es sei denn, Sie sind unser Kunde geworden und haben dann die Kundendatenbank f\u00fcr die Rechnung f\u00fcr die vereinbarte Leistung eingegeben.<\/p>\n<p><b>Eliminierung und Zugang zu pers\u00f6nlichen Informationen<\/b><\/p>\n<p>Die pers\u00f6nlichen Daten, die Sie uns zur Verf\u00fcgung gestellt haben, werden nur f\u00fcr den Zeitraum aufbewahrt, der ausreicht, um den urspr\u00fcnglichen Zweck ihrer Sammlung zu erf\u00fcllen. Sie sind jederzeit berechtigt, Auskunft dar\u00fcber zu erhalten, welche pers\u00f6nlichen Daten Sie in unserer E-Mail-Datenbank haben, sowie die \u00c4nderung aller oder einiger personenbezogener Daten zu verlangen (Recht auf Berichtigung) oder zu l\u00f6schen (Widerrufsrecht). Dies wird m\u00f6glich sein, indem Sie info@vina-jakac.hr kontaktieren und eine Benachrichtigung mit Ihrer Anfrage senden. Wenn Sie eine dieser Anfragen ver\u00f6ffentlichen, werden wir alle geeigneten Pr\u00fcfungen durchf\u00fchren, um Ihre Identit\u00e4t zu best\u00e4tigen und unbefugten Zugriff auf Ihre pers\u00f6nlichen Daten zu verhindern.<\/p>\n<p><b>Stellen Sie anderen Empf\u00e4ngern pers\u00f6nliche Daten zur Verf\u00fcgung<\/b><\/p>\n<p>Wir geben keine pers\u00f6nlichen Informationen an andere Empf\u00e4nger weiter. Auf der Website von vina-jakac.hr finden Sie jedoch Links zu anderen Websites. Die Datenschutzrichtlinie auf diesen Portalen kann sich von der Datenschutzerkl\u00e4rung von vina-jakac.hr unterscheiden. Auf unserer Website k\u00f6nnen wir Ihnen auch die Nutzung von OPG Korado Jakac sozialen Netzwerken (Facebook, Instagram, Linkedin, Google) und anderen Google Maps-Diensten, YouTube, die den Austausch personenbezogener Daten erm\u00f6glichen, anbieten.<\/p>\n<p><b>Serverstatistiken und Google Analytics<\/b><\/p>\n<p>Alle Websites, die von OPG Korado Jakac kontrolliert werden, einschlie\u00dflich dieser Website, k\u00f6nnen Google Analytics verwenden \u2013 einen Internetanalysedienst der Google Inc. (im Folgenden als Google bezeichnet). Google Analytics verwendet \u201eCookies\u201c \u2013 kleine Textdateien, die automatisch auf der Festplatte eines Benutzers abgelegt werden -, um die Gewohnheiten des Nutzers zu analysieren. Die durch \u201eCookies\u201c gesammelten Daten \u00fcber die Nutzung der Website (einschlie\u00dflich der IP-Adresse des Nutzers) werden von Google an Server in den USA \u00fcbermittelt und dort gespeichert. Google wird die gesammelten Daten verwenden, um die Nutzung der Website zu bewerten, Berichte \u00fcber Website-Aktivit\u00e4ten f\u00fcr die Bed\u00fcrfnisse der Betreiber von Internet-Sites zu erstellen und andere Dienste im Zusammenhang mit der Nutzung der Website und im Allgemeinen der Nutzung des Internets bereitzustellen. Auch wird Google diese Informationen gegebenenfalls an Dritte \u00fcbertragen, sofern dies gesetzlich vorgeschrieben oder soweit Dritte diese Daten im Auftrag von Google verarbeiten. Google wird Ihre IP-Adresse nicht mit anderen Daten von Google in Verbindung bringen. Sie k\u00f6nnen die Verwendung von \u201eCookies\u201c ablehnen, indem Sie die entsprechenden Einstellungen in Ihrem Browser ausw\u00e4hlen. Beachten Sie daher, dass dies die volle Funktionalit\u00e4t der Website beeintr\u00e4chtigen kann. Durch die Nutzung der Website stimmen Sie zu, Ihre pers\u00f6nlichen Daten von Google in der oben genannten Weise zu verarbeiten. Machen Sie sich daher mit den Datenschutzrichtlinien vertraut, die f\u00fcr andere Websites und soziale Netzwerke gelten.<\/p>\n<p><b>Schutzma\u00dfnahmen<\/b><\/p>\n<p>OPG Korado Jakac verwendet technische und Sicherheitsma\u00dfnahmen, Regeln und andere Verfahren, um die pers\u00f6nlichen Informationen dieser Website vor unbefugtem Zugriff, unrechtm\u00e4\u00dfiger Nutzung, Erkennung, Verlust oder Zerst\u00f6rung zu sch\u00fctzen. Um die Privatsph\u00e4re der Benutzer der Website zu sch\u00fctzen, verwendet OPG Korado Jakac branchen\u00fcbliche Sicherheitsma\u00dfnahmen wie Firewall-Schutz und Passw\u00f6rter. Der Benutzer muss jedoch auch sicherstellen, dass der Computer sicher und gegen sch\u00e4dliche Software wie Trojaner, Computerviren und W\u00fcrmer gesch\u00fctzt ist. Der Nutzer ist sich bewusst, dass ohne angemessene Sicherheitsma\u00dfnahmen (wie die sichere Konfiguration des Internetbrowsers, aktualisierte Antivirenprogramme, pers\u00f6nliche Firewallprogramme, nicht verwendete Programme aus verd\u00e4chtigen Quellen) die Gefahr besteht, dass die Daten und Passw\u00f6rter den Zugriff auf pers\u00f6nliche Daten verhindern Informationen k\u00f6nnen von unbefugten Dritten erkannt werden.<\/p>\n<p><b>Schutz von Minderj\u00e4hrigen<\/b><\/p>\n<p>Diese Seite ist f\u00fcr Erwachsene gedacht. OPG Korado Jakac sammelt keine pers\u00f6nlichen Informationen \u00fcber Minderj\u00e4hrige (definiert als Personen unter 18 Jahren) ohne die vorherige, nachpr\u00fcfbare Zustimmung ihres gesetzlichen Vertreters. Der gesetzliche Vertreter der Berufung hat das Recht, auf seine Anfrage die vom Minderj\u00e4hrigen \u00fcbermittelten Informationen zu \u00fcberpr\u00fcfen und \/ oder die L\u00f6schung dieser Informationen zu verlangen.<\/p>\n<p><b>Haftungsbeschr\u00e4nkung<\/b><\/p>\n<p>Wir k\u00f6nnen zwar technische, organisatorische und pers\u00f6nliche Ma\u00dfnahmen ergreifen, um die unbefugte Weitergabe Ihrer pers\u00f6nlichen Daten zu verhindern, k\u00f6nnen jedoch nicht garantieren, dass einige der von uns erfassten personenbezogenen Daten im Gegensatz zu den Bestimmungen dieser Datenschutzrichtlinie nicht versehentlich weitergegeben werden. Soweit gesetzlich zul\u00e4ssig, schlie\u00dfen wir eine Haftung f\u00fcr Sch\u00e4den aus, die durch unsachgem\u00e4\u00dfe Offenlegung personenbezogener Daten bei Nutzern oder Dritten entstehen.<\/p>\n<p><b>Serverstatistiken<\/b><\/p>\n<p>Diese Website verwendet Google Analytics zur Messung von Besucherstatistiken.<\/p>\n<p><b>Verantwortlich f\u00fcr den Schutz personenbezogener Daten<\/b><\/p>\n<p><strong>OPG Korado Jakac<\/strong><\/p>\n<p>Istarska 18, Ba\u0161anija<br \/>\n52475 SAVUDRIJA<br \/>\n052 759-127<br \/>\n<a href=\"mailto:koradojakac.vina@gmail.com\">koradojakac.vina@gmail.com<\/a><\/p>\n<p>Durch die Nutzung der Website vina-jakac.hr gibt der Nutzer sein Einverst\u00e4ndnis zur Verarbeitung personenbezogener Daten in der oben angegebenen Weise.<\/p>\n<\/div><div class=\"fusion-clearfix\"><\/div><\/div><\/div><div class=\"fusion-layout-column fusion_builder_column fusion-builder-column-2 fusion_builder_column_1_6 1_6 fusion-one-sixth fusion-column-last\" style=\"--awb-bg-size:cover;width:16.666666666667%;width:calc(16.666666666667% - ( ( 4% + 4% ) * 0.16666666666667 ) );\"><div class=\"fusion-column-wrapper fusion-flex-column-wrapper-legacy\"><div class=\"fusion-clearfix\"><\/div><\/div><\/div><\/div><\/div>\n","protected":false},"excerpt":{"rendered":"","protected":false},"author":1,"featured_media":0,"parent":0,"menu_order":0,"comment_status":"closed","ping_status":"closed","template":"","meta":{"footnotes":""},"class_list":["post-2019","page","type-page","status-publish","hentry"],"_links":{"self":[{"href":"https:\/\/vina-jakac.hr\/de\/wp-json\/wp\/v2\/pages\/2019","targetHints":{"allow":["GET"]}}],"collection":[{"href":"https:\/\/vina-jakac.hr\/de\/wp-json\/wp\/v2\/pages"}],"about":[{"href":"https:\/\/vina-jakac.hr\/de\/wp-json\/wp\/v2\/types\/page"}],"author":[{"embeddable":true,"href":"https:\/\/vina-jakac.hr\/de\/wp-json\/wp\/v2\/users\/1"}],"replies":[{"embeddable":true,"href":"https:\/\/vina-jakac.hr\/de\/wp-json\/wp\/v2\/comments?post=2019"}],"version-history":[{"count":1,"href":"https:\/\/vina-jakac.hr\/de\/wp-json\/wp\/v2\/pages\/2019\/revisions"}],"predecessor-version":[{"id":2177,"href":"https:\/\/vina-jakac.hr\/de\/wp-json\/wp\/v2\/pages\/2019\/revisions\/2177"}],"wp:attachment":[{"href":"https:\/\/vina-jakac.hr\/de\/wp-json\/wp\/v2\/media?parent=2019"}],"curies":[{"name":"wp","href":"https:\/\/api.w.org\/{rel}","templated":true}]}}