{"id":1830,"date":"2019-08-29T17:28:59","date_gmt":"2019-08-29T15:28:59","guid":{"rendered":"https:\/\/vina-jakac.eu\/proizvod\/malvasia-sfusa-2018\/"},"modified":"2019-09-22T21:15:49","modified_gmt":"2019-09-22T19:15:49","slug":"malvasia-sfusa-2018","status":"publish","type":"product","link":"https:\/\/vina-jakac.hr\/de\/proizvod\/malvasia-sfusa-2018\/","title":{"rendered":"Malvasia &#8211;  2018"},"content":{"rendered":"<p style=\"text-align: justify;\"><strong><em><br \/>\n<\/em><\/strong><em> Von strohgelber Farbe und einem zarten, vielschichtigen Duft. Das Aroma ist delikat, typisch f\u00fcr diese Sorte, das durch seine Frische und Milde den Wein sehr speziell macht. Obwohl es sich um einen jungen Wein mit bedeutendem Alterungspotential handelt, ist er doch sehr ausgewogen. Verschiedene Medaillen, die diesem Wein bei der Weinmesse Vinistra verliehen wurden, b\u00fcrgen f\u00fcr seine Qualit\u00e4t. Diese Messe wird jedes Jahr im Mai in Pore\u010d abgehalten, und unter diversen Preisen m\u00f6chten wir die Silbermedaille 2010 und 2012, sowie die Goldmedaille 2011 hervorheben.<br \/>\nDiesen Malvasier empfehlen wir allen, die sanfte, junge und s\u00fcffige Weine bevorzugen. <\/em><\/p>\n","protected":false},"excerpt":{"rendered":"<p><span style=\"font-size: 12pt;\"><strong>LESE:<\/strong>\u00a0 2018<\/span><br \/>\n<span style=\"font-size: 12pt;\"><strong>PASST ZU:<\/strong> ideal f\u00fcr leichte Fischgerichte, Weichtier- und Muschelgerichte, sowie helles Fleisch. <\/span><br \/>\n<span style=\"font-size: 12pt;\"><strong>SERVIEREN BEI EINER TEMPERATUR VON:<\/strong>\u00a0 8-10\u00b0C<\/span><br \/>\n<span style=\"font-size: 12pt;\"><strong>ALKOHOLGEHALT:<\/strong>\u00a0 13,1%<\/span><br \/>\n<span style=\"font-size: 12pt;\"><strong>VERPACKUNG:<\/strong>\u00a0 5 L<\/span><\/p>\n","protected":false},"featured_media":1831,"comment_status":"closed","ping_status":"closed","template":"","meta":[],"product_brand":[],"product_cat":[50],"product_tag":[],"class_list":{"0":"post-1830","1":"product","2":"type-product","3":"status-publish","4":"has-post-thumbnail","6":"product_cat-vini-rinfusa-de","7":"product_shipping_class-dostava-po-tezini-de","9":"first","10":"instock","11":"taxable","12":"shipping-taxable","13":"product-type-variable"},"_links":{"self":[{"href":"https:\/\/vina-jakac.hr\/de\/wp-json\/wp\/v2\/product\/1830","targetHints":{"allow":["GET"]}}],"collection":[{"href":"https:\/\/vina-jakac.hr\/de\/wp-json\/wp\/v2\/product"}],"about":[{"href":"https:\/\/vina-jakac.hr\/de\/wp-json\/wp\/v2\/types\/product"}],"replies":[{"embeddable":true,"href":"https:\/\/vina-jakac.hr\/de\/wp-json\/wp\/v2\/comments?post=1830"}],"wp:featuredmedia":[{"embeddable":true,"href":"https:\/\/vina-jakac.hr\/de\/wp-json\/wp\/v2\/media\/1831"}],"wp:attachment":[{"href":"https:\/\/vina-jakac.hr\/de\/wp-json\/wp\/v2\/media?parent=1830"}],"wp:term":[{"taxonomy":"product_brand","embeddable":true,"href":"https:\/\/vina-jakac.hr\/de\/wp-json\/wp\/v2\/product_brand?post=1830"},{"taxonomy":"product_cat","embeddable":true,"href":"https:\/\/vina-jakac.hr\/de\/wp-json\/wp\/v2\/product_cat?post=1830"},{"taxonomy":"product_tag","embeddable":true,"href":"https:\/\/vina-jakac.hr\/de\/wp-json\/wp\/v2\/product_tag?post=1830"}],"curies":[{"name":"wp","href":"https:\/\/api.w.org\/{rel}","templated":true}]}}