{"id":1922,"date":"2019-08-28T19:20:40","date_gmt":"2019-08-28T17:20:40","guid":{"rendered":"https:\/\/vina-jakac.hr\/proizvod\/rose-dolce-bottiglia-2017\/"},"modified":"2019-09-22T21:57:19","modified_gmt":"2019-09-22T19:57:19","slug":"rose-dolce-bottiglia-2017","status":"publish","type":"product","link":"https:\/\/vina-jakac.hr\/de\/proizvod\/rose-dolce-bottiglia-2017\/","title":{"rendered":"S\u00fc\u00dfer Rose &#8211;  2017"},"content":{"rendered":"<p style=\"text-align: justify;\"><strong><em><br \/>\n<\/em><\/strong><em>Die kirschrote Farbe und das fruchtige, sanfte Aroma erinnert an die urspr\u00fcngliche Rebsorte Merlot. Auf dem Gaumen s\u00fc\u00df, zart und intensiv, sehr best\u00e4ndig. Der hohe Zuckergehalt kommt wegen der Unterbrechung der Fermentierung; um die typische rosa Farbe zu erhalten, fermentiert der Wein nicht auf der Haut der Weintrauben. <\/em><\/p>\n","protected":false},"excerpt":{"rendered":"<p><span style=\"font-size: 12pt;\"><strong style=\"font-size: 12pt;\">LESE:<\/strong><span style=\"font-size: 12pt;\">\u00a0 2017<\/span><br \/>\n<\/span><span style=\"font-size: 12pt;\"><strong>PASST ZU:<\/strong> ideal zu Desserts und Obst <img decoding=\"async\" class=\" wp-image-1620 alignright\" src=\"https:\/\/vina-jakac.eu\/wp-content\/uploads\/2019\/08\/circlee_110.png\" alt=\"\" width=\"85\" height=\"85\" srcset=\"https:\/\/vina-jakac.hr\/wp-content\/uploads\/2019\/08\/circlee_110-66x66.png 66w, https:\/\/vina-jakac.hr\/wp-content\/uploads\/2019\/08\/circlee_110-100x100.png 100w, https:\/\/vina-jakac.hr\/wp-content\/uploads\/2019\/08\/circlee_110.png 110w\" sizes=\"(max-width: 85px) 100vw, 85px\" \/><\/span><br \/>\n<span style=\"font-size: 12pt;\"><strong>SERVIEREN BEI EINER TEMPERATUR VON:<\/strong>\u00a0 12-14\u00b0C<\/span><br \/>\n<span style=\"font-size: 12pt;\"><strong>ALKOHOLGEHALT:<\/strong>\u00a0 12,8%<\/span><br \/>\n<span style=\"font-size: 12pt;\"><strong>VERPACKUNG:<\/strong>\u00a0 0,75 L<\/span><\/p>\n","protected":false},"featured_media":1924,"comment_status":"closed","ping_status":"closed","template":"","meta":[],"product_brand":[],"product_cat":[45],"product_tag":[],"class_list":{"0":"post-1922","1":"product","2":"type-product","3":"status-publish","4":"has-post-thumbnail","6":"product_cat-vini-de","7":"product_shipping_class-dostava-po-tezini-de","9":"first","10":"instock","11":"taxable","12":"shipping-taxable","13":"product-type-variable"},"_links":{"self":[{"href":"https:\/\/vina-jakac.hr\/de\/wp-json\/wp\/v2\/product\/1922","targetHints":{"allow":["GET"]}}],"collection":[{"href":"https:\/\/vina-jakac.hr\/de\/wp-json\/wp\/v2\/product"}],"about":[{"href":"https:\/\/vina-jakac.hr\/de\/wp-json\/wp\/v2\/types\/product"}],"replies":[{"embeddable":true,"href":"https:\/\/vina-jakac.hr\/de\/wp-json\/wp\/v2\/comments?post=1922"}],"wp:featuredmedia":[{"embeddable":true,"href":"https:\/\/vina-jakac.hr\/de\/wp-json\/wp\/v2\/media\/1924"}],"wp:attachment":[{"href":"https:\/\/vina-jakac.hr\/de\/wp-json\/wp\/v2\/media?parent=1922"}],"wp:term":[{"taxonomy":"product_brand","embeddable":true,"href":"https:\/\/vina-jakac.hr\/de\/wp-json\/wp\/v2\/product_brand?post=1922"},{"taxonomy":"product_cat","embeddable":true,"href":"https:\/\/vina-jakac.hr\/de\/wp-json\/wp\/v2\/product_cat?post=1922"},{"taxonomy":"product_tag","embeddable":true,"href":"https:\/\/vina-jakac.hr\/de\/wp-json\/wp\/v2\/product_tag?post=1922"}],"curies":[{"name":"wp","href":"https:\/\/api.w.org\/{rel}","templated":true}]}}