{"id":1934,"date":"2019-08-28T18:35:25","date_gmt":"2019-08-28T16:35:25","guid":{"rendered":"https:\/\/vina-jakac.hr\/proizvod\/refosco-bottiglia-2017\/"},"modified":"2019-09-22T22:00:58","modified_gmt":"2019-09-22T20:00:58","slug":"refosk-2017","status":"publish","type":"product","link":"https:\/\/vina-jakac.hr\/de\/proizvod\/refosk-2017\/","title":{"rendered":"Refo\u0161k &#8211;  2017"},"content":{"rendered":"<p style=\"text-align: justify;\"><strong><em><br \/>\n<\/em><\/strong><em> Von dunkelroter Farbe, und mit einem eindringlichen, lebhaften Aroma. Der Wein ist trocken, strukturiert mit gut ausgewogenen Gerbstoffen, die bei der Reife in Inox F\u00e4ssern weicher geworden sind. Der Wein refo\u0161k ist ein Rotwein par excellence, den die Menschen in Istrien als einen Teil ihrer Tradition sch\u00e4tzen. <\/em><\/p>\n","protected":false},"excerpt":{"rendered":"<p style=\"text-align: right;\"><img decoding=\"async\" class=\"wp-image-1620 alignright\" src=\"https:\/\/vina-jakac.eu\/wp-content\/uploads\/2019\/08\/circlee_110.png\" alt=\"\" width=\"85\" height=\"85\" srcset=\"https:\/\/vina-jakac.hr\/wp-content\/uploads\/2019\/08\/circlee_110-66x66.png 66w, https:\/\/vina-jakac.hr\/wp-content\/uploads\/2019\/08\/circlee_110-100x100.png 100w, https:\/\/vina-jakac.hr\/wp-content\/uploads\/2019\/08\/circlee_110.png 110w\" sizes=\"(max-width: 85px) 100vw, 85px\" \/><\/p>\n<p><span style=\"font-size: 12pt;\"><strong>LESE:<\/strong>\u00a0 2017<\/span><br \/>\n<span style=\"font-size: 12pt;\"><strong>PASST ZU:<\/strong> hervorragend zu Gerichten aus dunklem Fleisch, Wild, P\u00f6kelfleisch und reifen K\u00e4sesorten.  <\/span><br \/>\n<span style=\"font-size: 12pt;\"><strong>SERVIEREN BEI EINER TEMPERATUR VON:<\/strong>\u00a0 16 &#8211; 18\u00b0C<\/span><br \/>\n<span style=\"font-size: 12pt;\"><strong>ALKOHOLGEHALT:<\/strong>\u00a0 12,3%<\/span><br \/>\n<span style=\"font-size: 12pt;\"><strong>VERPACKUNG:<\/strong>\u00a0 0,75 L<\/span><\/p>\n","protected":false},"featured_media":1936,"comment_status":"closed","ping_status":"closed","template":"","meta":[],"product_brand":[],"product_cat":[45],"product_tag":[],"class_list":{"0":"post-1934","1":"product","2":"type-product","3":"status-publish","4":"has-post-thumbnail","6":"product_cat-vini-de","7":"product_shipping_class-dostava-po-tezini-de","9":"first","10":"instock","11":"taxable","12":"shipping-taxable","13":"product-type-variable"},"_links":{"self":[{"href":"https:\/\/vina-jakac.hr\/de\/wp-json\/wp\/v2\/product\/1934","targetHints":{"allow":["GET"]}}],"collection":[{"href":"https:\/\/vina-jakac.hr\/de\/wp-json\/wp\/v2\/product"}],"about":[{"href":"https:\/\/vina-jakac.hr\/de\/wp-json\/wp\/v2\/types\/product"}],"replies":[{"embeddable":true,"href":"https:\/\/vina-jakac.hr\/de\/wp-json\/wp\/v2\/comments?post=1934"}],"wp:featuredmedia":[{"embeddable":true,"href":"https:\/\/vina-jakac.hr\/de\/wp-json\/wp\/v2\/media\/1936"}],"wp:attachment":[{"href":"https:\/\/vina-jakac.hr\/de\/wp-json\/wp\/v2\/media?parent=1934"}],"wp:term":[{"taxonomy":"product_brand","embeddable":true,"href":"https:\/\/vina-jakac.hr\/de\/wp-json\/wp\/v2\/product_brand?post=1934"},{"taxonomy":"product_cat","embeddable":true,"href":"https:\/\/vina-jakac.hr\/de\/wp-json\/wp\/v2\/product_cat?post=1934"},{"taxonomy":"product_tag","embeddable":true,"href":"https:\/\/vina-jakac.hr\/de\/wp-json\/wp\/v2\/product_tag?post=1934"}],"curies":[{"name":"wp","href":"https:\/\/api.w.org\/{rel}","templated":true}]}}