{"id":2250,"date":"2019-10-14T22:09:22","date_gmt":"2019-10-14T20:09:21","guid":{"rendered":"https:\/\/vina-jakac.hr\/?post_type=product&#038;p=2250"},"modified":"2019-10-14T22:17:26","modified_gmt":"2019-10-14T20:17:26","slug":"chardonnay-2018-kopiraj","status":"publish","type":"product","link":"https:\/\/vina-jakac.hr\/de\/proizvod\/chardonnay-2018-kopiraj\/","title":{"rendered":"Chardonnay &#8211;  2018"},"content":{"rendered":"<p style=\"text-align: justify;\"><strong><em><br \/>\n<\/em><\/strong><em>Von lebhafter, strohgelber Farbe, intensivem Fruchtaroma, begleitet von bitteren aromatischen Nuancen. Das Aroma ist frisch, sanft und s\u00fc\u00dflich. Auch das ist ein junger Wein, dessen Qualit\u00e4t bei der Vinistra mit Goldmedaillen 2012, 2013 und 2014 belohnt wurde. <\/em><\/p>\n","protected":false},"excerpt":{"rendered":"<p><span style=\"font-size: 12pt;\"><strong>LESE:<\/strong>\u00a0 2018<\/span><br \/>\n<span style=\"font-size: 12pt;\"><strong>PASST ZU:<\/strong> ideal f\u00fcr leichte Fischgerichte, Weichtier- und Muschelgerichte, sowie helles Fleisch, haupts\u00e4chlich H\u00e4hnchen.<\/span><br \/>\n<span style=\"font-size: 12pt;\"><strong>SERVIEREN BEI EINER TEMPERATUR VON:<\/strong>\u00a0 8-10\u00b0C<\/span><br \/>\n<span style=\"font-size: 12pt;\"><strong>ALKOHOLGEHALT:<\/strong>\u00a0 12,9%<\/span><br \/>\n<span style=\"font-size: 12pt;\"><strong>VERPACKUNG:<\/strong>\u00a0 5 L<\/span><\/p>\n","protected":false},"featured_media":1875,"comment_status":"closed","ping_status":"closed","template":"","meta":[],"product_brand":[],"product_cat":[50],"product_tag":[],"class_list":{"0":"post-2250","1":"product","2":"type-product","3":"status-publish","4":"has-post-thumbnail","6":"product_cat-vini-rinfusa-de","8":"first","9":"instock","10":"taxable","11":"shipping-taxable","12":"product-type-variable"},"_links":{"self":[{"href":"https:\/\/vina-jakac.hr\/de\/wp-json\/wp\/v2\/product\/2250","targetHints":{"allow":["GET"]}}],"collection":[{"href":"https:\/\/vina-jakac.hr\/de\/wp-json\/wp\/v2\/product"}],"about":[{"href":"https:\/\/vina-jakac.hr\/de\/wp-json\/wp\/v2\/types\/product"}],"replies":[{"embeddable":true,"href":"https:\/\/vina-jakac.hr\/de\/wp-json\/wp\/v2\/comments?post=2250"}],"wp:featuredmedia":[{"embeddable":true,"href":"https:\/\/vina-jakac.hr\/de\/wp-json\/wp\/v2\/media\/1875"}],"wp:attachment":[{"href":"https:\/\/vina-jakac.hr\/de\/wp-json\/wp\/v2\/media?parent=2250"}],"wp:term":[{"taxonomy":"product_brand","embeddable":true,"href":"https:\/\/vina-jakac.hr\/de\/wp-json\/wp\/v2\/product_brand?post=2250"},{"taxonomy":"product_cat","embeddable":true,"href":"https:\/\/vina-jakac.hr\/de\/wp-json\/wp\/v2\/product_cat?post=2250"},{"taxonomy":"product_tag","embeddable":true,"href":"https:\/\/vina-jakac.hr\/de\/wp-json\/wp\/v2\/product_tag?post=2250"}],"curies":[{"name":"wp","href":"https:\/\/api.w.org\/{rel}","templated":true}]}}