{"id":2057,"date":"2019-09-16T19:32:07","date_gmt":"2019-09-16T17:32:07","guid":{"rendered":"https:\/\/vina-jakac.hr\/uvjeti-i-odredbe\/"},"modified":"2019-09-24T18:06:16","modified_gmt":"2019-09-24T16:06:16","slug":"uvjeti-i-odredbe","status":"publish","type":"page","link":"https:\/\/vina-jakac.hr\/en\/uvjeti-i-odredbe\/","title":{"rendered":"Uvjeti i odredbe"},"content":{"rendered":"<div class=\"fusion-fullwidth fullwidth-box fusion-builder-row-1 nonhundred-percent-fullwidth non-hundred-percent-height-scrolling\" style=\"--awb-border-radius-top-left:0px;--awb-border-radius-top-right:0px;--awb-border-radius-bottom-right:0px;--awb-border-radius-bottom-left:0px;--awb-flex-wrap:wrap;\" ><div class=\"fusion-builder-row fusion-row\"><div class=\"fusion-layout-column fusion_builder_column fusion-builder-column-0 fusion_builder_column_1_6 1_6 fusion-one-sixth fusion-column-first\" style=\"--awb-bg-size:cover;width:16.666666666667%;width:calc(16.666666666667% - ( ( 4% + 4% ) * 0.16666666666667 ) );margin-right: 4%;\"><div class=\"fusion-column-wrapper fusion-flex-column-wrapper-legacy\"><div class=\"fusion-clearfix\"><\/div><\/div><\/div><div class=\"fusion-layout-column fusion_builder_column fusion-builder-column-1 fusion_builder_column_2_3 2_3 fusion-two-third\" style=\"--awb-bg-size:cover;width:66.666666666667%;width:calc(66.666666666667% - ( ( 4% + 4% ) * 0.66666666666667 ) );margin-right: 4%;\"><div class=\"fusion-column-wrapper fusion-flex-column-wrapper-legacy\"><div class=\"fusion-text fusion-text-1\"><p class=\"Standardno\" style=\"text-align: justify;\"><span style=\"font-size: 12pt; font-family: arial, helvetica, sans-serif;\"><b>OP\u0106I UVJETI<\/b><\/span><\/p>\n<p class=\"Standardno\" style=\"text-align: justify;\"><span style=\"font-size: 12pt; font-family: arial, helvetica, sans-serif;\">Internetsku prodaju na web-stranici www.vina-jakac.eu obavlja OPG Korado Jakac, Istarska 18, Ba\u0161anija, 52475 SAVUDRIJA. Osobni identifikacijski broj trgova\u010dkog dru\u0161tva je (OIB): 11597337790<\/span><\/p>\n<p class=\"Standardno\" style=\"text-align: justify;\"><span style=\"font-size: 12pt; font-family: arial, helvetica, sans-serif;\">Ovim se uvjetima utvr\u0111uje postupak naru\u010divanja, pla\u0107anja te reklamacije proizvoda koji su ponu\u0111eni na ovim stranicama. Internetske stranice firme OPG Korado Jakac mogu se koristiti za Va\u0161u privatnu upotrebu bez ikakvih naknada za kori\u0161tenje, a prema slijede\u0107im uvjetima i pravilima.<\/span><\/p>\n<p class=\"Standardno\" style=\"text-align: justify;\"><span style=\"font-size: 12pt; font-family: arial, helvetica, sans-serif;\">Prodava\u010d je trgova\u010dko dru\u0161tvo OPG Korado Jakac , a Kupac je posjetitelj ovih stranica koji popuni elektronsku narud\u017ebu, po\u0161alje je prodavatelju te izvr\u0161i pla\u0107anje putem kartica: Visa, MasterCard, Maestro ili pouze\u0107em (prilikom preuzimanja po\u0161iljke iznos ra\u010duna pla\u0107ate u gotovini djelatniku Hrvatske Po\u0161te).<\/span><\/p>\n<p class=\"Standardno\" style=\"text-align: justify;\"><span style=\"font-size: 12pt; font-family: arial, helvetica, sans-serif;\">Poduze\u0107e OPG Korado Jakac zadr\u017eava pravo na izmjenu ovih uvjeta i pravila. Sve promjene primjenjivati \u0107e se na kori\u0161tenje internetskih stranica vina-jakac.eu. Kupac snosi odgovornost za to\u010dnost i potpunost unesenih podataka prilikom kupnje. Usluge koje Vam pru\u017ea vina-jakac.eu. Internet prodavaonica ne uklju\u010duje tro\u0161kove koje snosite koriste\u0107i ra\u010dunalnu opremu i usluge za pristup na\u0161im stranicama. Poduze\u0107e OPG Korado Jakac nije odgovoran za tro\u0161kove telefona, Internet prometa ili bilo koje druge tro\u0161kove do kojih mo\u017ee do\u0107i.<\/span><\/p>\n<p class=\"Standardno\" style=\"text-align: justify;\"><span style=\"font-size: 12pt; font-family: arial, helvetica, sans-serif;\"><b>\u00a0<\/b><\/span><\/p>\n<p class=\"Standardno\" style=\"text-align: justify;\"><span style=\"font-size: 12pt; font-family: arial, helvetica, sans-serif;\"><b>NARU\u010cIVANJE<\/b><\/span><\/p>\n<p class=\"Standardno\" style=\"text-align: justify;\"><span style=\"font-size: 12pt; font-family: arial, helvetica, sans-serif;\">Kupac naru\u010duje proizvod ili proizvode putem elektronskog obrasca narud\u017ebe. Kupcem se smatra svaka osoba koja elektronski naru\u010di barem jedan proizvod, popuni tra\u017eene podatke i po\u0161alje narud\u017ebu.<\/span><\/p>\n<p class=\"Standardno\" style=\"text-align: justify;\"><span style=\"font-size: 12pt; font-family: arial, helvetica, sans-serif;\">Sve cijene izra\u017eene su u Hrvatskoj nacionalnoj valuti, hrvatska kuna (kn), s PDV-om.<\/span><\/p>\n<p class=\"Standardno\" style=\"text-align: justify;\"><span style=\"font-size: 12pt; font-family: arial, helvetica, sans-serif;\">Roba se naru\u010duje elektronskim oblikom, pritiskom na odre\u0111eni proizvod te spremanjem istog u ko\u0161aricu. Roba se smatra naru\u010denom u trenutku kada kupac odabere te potvrdi na\u010din pla\u0107anja.<\/span><\/p>\n<p class=\"Standardno\" style=\"text-align: justify;\"><span style=\"font-size: 12pt; font-family: arial, helvetica, sans-serif;\"><b>NA\u010cIN PLA\u0106ANJA:<br \/><\/b>Kreditnim karticama Visa, MasterCard i Maestro jednokratno.<\/span><\/p>\n<p class=\"Standardno\" style=\"text-align: justify;\"><span style=\"font-size: 12pt; font-family: arial, helvetica, sans-serif;\"><b>PONI\u0160TAVANJE NARUD\u017dBE OD STRANE OPG Korado Jakac<\/b><\/span><\/p>\n<p class=\"Standardno\" style=\"text-align: justify;\"><span style=\"font-size: 12pt; font-family: arial, helvetica, sans-serif;\">Zadr\u017eavamo pravo da iznimno (djelomi\u010dno ili u cijelosti) odustanemo od izvr\u0161enja narud\u017ebe u slu\u010dajevima:<\/span><\/p>\n<p class=\"Standardno\" style=\"text-align: justify;\"><span style=\"font-size: 12pt; font-family: arial, helvetica, sans-serif;\">\u2013 Kada na zalihama ponestane naru\u010denih proizvoda<\/span><\/p>\n<p class=\"Standardno\" style=\"text-align: justify;\"><span style=\"font-size: 12pt; font-family: arial, helvetica, sans-serif;\">\u2013 Kada je do\u0161lo do o\u010dite pogre\u0161ke u cjeniku<\/span><\/p>\n<p class=\"Standardno\" style=\"text-align: justify;\"><span style=\"font-size: 12pt; font-family: arial, helvetica, sans-serif;\">\u2013 Ako narud\u017ebenica nije bila ispunjena u skladu s op\u0107im uvjetima ili<\/span><\/p>\n<p class=\"Standardno\" style=\"text-align: justify;\"><span style=\"font-size: 12pt; font-family: arial, helvetica, sans-serif;\">\u2013 Ako kod kupca utvrdimo pove\u0107ani rizik nepla\u0107anja.<\/span><\/p>\n<p class=\"Standardno\" style=\"text-align: justify;\"><span style=\"font-size: 12pt; font-family: arial, helvetica, sans-serif;\">U svim tim i sli\u010dnim slu\u010dajevima, nakon \u0161to smo utvrdili nepravilnost, odmah \u0107emo Vas obavijestiti telefonski ili e-mailom o mogu\u0107em odstupanju od ugovora s na\u0161e strane.<\/span><\/p>\n<p class=\"Standardno\" style=\"text-align: justify;\"><span style=\"font-size: 12pt; font-family: arial, helvetica, sans-serif;\"><b>\u00a0<\/b><\/span><\/p>\n<p class=\"Standardno\" style=\"text-align: justify;\"><span style=\"font-size: 12pt; font-family: arial, helvetica, sans-serif;\"><b>OTKAZIVANJE ILI MIJENJANJE NARUD\u017dBE OD STRANE KUPCA<\/b><\/span><\/p>\n<p class=\"Standardno\" style=\"text-align: justify;\"><span style=\"font-size: 12pt; font-family: arial, helvetica, sans-serif;\">Narud\u017ebu mo\u017eete otkazati ili promijeniti njene detalje bez naknade, ako Vam roba jo\u0161 nije otpremljena sa skladi\u0161ta.<\/span><\/p>\n<p class=\"Standardno\" style=\"text-align: justify;\"><span style=\"font-size: 12pt; font-family: arial, helvetica, sans-serif;\"><b>\u00a0<\/b><\/span><\/p>\n<p class=\"Standardno\" style=\"text-align: justify;\"><span style=\"font-size: 12pt; font-family: arial, helvetica, sans-serif;\"><b>ISPORUKA<\/b><\/span><\/p>\n<p class=\"Standardno\" style=\"text-align: justify;\"><span style=\"font-size: 12pt; font-family: arial, helvetica, sans-serif;\">Isporuku vr\u0161imo na podru\u010dju Republike Hrvatske i zemlje eu.\u00a0<\/span><span style=\"font-size: 12pt; font-family: arial, helvetica, sans-serif;\">Dostavu dostupnih proizvoda obavlja \u00a0DPD.\u00a0<\/span><span style=\"font-size: 12pt; font-family: arial, helvetica, sans-serif;\">Naru\u010deni proizvodi biti \u0107e dostavljeni prema uobi\u010dajenim uvjetima i pravilima slu\u017ebe prijevoznika.\u00a0<\/p>\n<p><\/span><span style=\"font-size: 12pt; font-family: arial, helvetica, sans-serif;\">Tro\u0161kovi dostave su navedeni u pregledu ko\u0161arice prije izvr\u0161enja pla\u0107anja.<\/span><\/p>\n<p class=\"Standardno\" style=\"text-align: justify;\"><span style=\"font-size: 12pt; font-family: arial, helvetica, sans-serif;\">Naru\u010dene proizvode mo\u017eete preuzeti i osobnim dolaskom u na\u0161a skladi\u0161ta u Istarska 18, Ba\u0161anija, 52475 SAVUDRIJA<\/span><\/p>\n<p class=\"Standardno\" style=\"text-align: justify;\"><span style=\"font-size: 12pt; font-family: arial, helvetica, sans-serif;\">Robu dostavljamo iz zalihe (za Hrvatsku predvi\u0111amo unutar 2 \u2013 dva radna dana).<\/span><\/p>\n<p class=\"Standardno\" style=\"text-align: justify;\"><span style=\"font-size: 12pt; font-family: arial, helvetica, sans-serif;\">Naru\u010deni proizvodi pakiraju se na na\u010din da tijekom uobi\u010dajene manipulacije ne budu o\u0161te\u0107eni. Prilikom preuzimanja kupac je du\u017ean provjeriti stanje po\u0161iljke te u slu\u010daju o\u0161te\u0107enja odmah obavijestiti Prodava\u010da. Prodava\u010d se odri\u010de svake odgovornosti u vezi o\u0161te\u0107enja koja mogu nastati tijekom dostave.<\/span><\/p>\n<p class=\"Standardno\" style=\"text-align: justify;\"><span style=\"font-size: 12pt; font-family: arial, helvetica, sans-serif;\">Ako kupac ne primi robu ili obavijest o isporuci, nakon \u0161to je poslana, u o\u010dekivanom vremenu, Kupac ima pravo o tome obavijestiti prodava\u010da kako bi se poduzele radnje pronalaska po\u0161iljke ili kako bi se poslala zamjenska po\u0161iljka.<\/span><\/p>\n<p class=\"Standardno\" style=\"text-align: justify;\"><span style=\"font-size: 12pt; font-family: arial, helvetica, sans-serif;\">Ako Kupac odbije primiti robu koju je naru\u010dio, Prodava\u010d ima pravo tra\u017eiti od kupca nadoknadu svih tro\u0161kova koji su vezani za isporuku.<\/span><\/p>\n<p class=\"Standardno\" style=\"text-align: justify;\"><span style=\"font-size: 12pt; font-family: arial, helvetica, sans-serif;\">Prodava\u010d se obvezuje poslati po\u0161iljku Kupcu onoga trenutka kada zaprimi potvrdu kojom se odobrava on line transakcija. Nakon zaprimanja te potvrde Prodava\u010d se obvezuje poslati po\u0161iljku u roku od 5 (pet) radnih dana.<\/span><\/p>\n<p class=\"Standardno\" style=\"text-align: justify;\"><span style=\"font-size: 12pt; font-family: arial, helvetica, sans-serif;\">Nakon \u0161to dostavlja\u010d (tvrtka koja vr\u0161i dostavu) zaprimi po\u0161iljku od strane Prodava\u010da, Prodava\u010d vi\u0161e nije odgovoran za daljnji tijek isporuke i eventualna ka\u0161njenja te probleme koji mogu nastati u vezi daljnje manipulacije i isporuke robe.<\/span><\/p>\n<p class=\"Standardno\" style=\"text-align: justify;\"><span style=\"font-size: 12pt;\"><span style=\"font-family: arial, helvetica, sans-serif;\"><b>\u00a0<\/b><\/span><span style=\"font-family: arial, helvetica, sans-serif;\"><b>UVJETI REKLAMACIJE<\/b><\/span><\/span><\/p>\n<p class=\"Standardno\" style=\"text-align: justify;\"><span style=\"font-size: 12pt; font-family: arial, helvetica, sans-serif;\">Reklamacije se uva\u017eavaju u roku od 15 dana po prijemu robe i mogu\u0107e su u slijede\u0107im slu\u010dajevima:<\/span><\/p>\n<p class=\"Standardno\" style=\"text-align: justify;\"><span style=\"font-size: 12pt; font-family: arial, helvetica, sans-serif;\">\u2013 Prilikom dostave krivo isporu\u010denih proizvoda<\/span><\/p>\n<p class=\"Standardno\" style=\"text-align: justify;\"><span style=\"font-size: 12pt; font-family: arial, helvetica, sans-serif;\">\u2013 Prilikom dostave proizvoda koji su o\u0161te\u0107eni, a o\u0161te\u0107enje nije posljedica lo\u0161e manipulacije u po\u0161tanskom transportu<\/span><\/p>\n<p class=\"Standardno\" style=\"text-align: justify;\"><span style=\"font-size: 12pt; font-family: arial, helvetica, sans-serif;\">\u2013 Uz prilo\u017eeni originalni ra\u010dun<\/span><\/p>\n<p class=\"Standardno\" style=\"text-align: justify;\"><span style=\"font-size: 12pt; font-family: arial, helvetica, sans-serif;\">\u2013 Ako su proizvodi u originalnoj ambala\u017ei.<\/span><\/p>\n<p class=\"Standardno\" style=\"text-align: justify;\"><span style=\"font-size: 12pt; font-family: arial, helvetica, sans-serif;\">Kupac ima obvezu pridr\u017eavati se uputa za \u010duvanje otisnutih na etiketi i \u010duvati proizvode koje prima kao dobar gospodar.<\/span><\/p>\n<p class=\"Standardno\" style=\"text-align: justify;\"><span style=\"font-size: 12pt;\"><span style=\"font-family: arial, helvetica, sans-serif;\"><b>\u00a0<\/b><\/span><span style=\"font-family: arial, helvetica, sans-serif;\"><b>POVRAT NEISPRAVNE ROBE<\/b><\/span><\/span><\/p>\n<p class=\"Standardno\" style=\"text-align: justify;\"><span style=\"font-size: 12pt; font-family: arial, helvetica, sans-serif;\">Ukoliko Kupac reklamirane proizvode \u0161alje po\u0161tom ili kurirskom slu\u017ebom (s time da vrijedi pe\u010dat po\u0161te) adresa za slanje je:<\/span><\/p>\n<p class=\"Standardno\" style=\"text-align: justify;\"><span style=\"font-size: 12pt; font-family: arial, helvetica, sans-serif;\">OPG Korado Jakac<\/span><\/p>\n<p class=\"Standardno\" style=\"text-align: justify;\"><span style=\"font-size: 12pt; font-family: arial, helvetica, sans-serif;\">Istarska 18, Ba\u0161anija<\/span><\/p>\n<p class=\"Standardno\" style=\"text-align: justify;\"><span style=\"font-size: 12pt; font-family: arial, helvetica, sans-serif;\">52475 SAVUDRIJA<\/span><\/p>\n<p class=\"Standardno\" style=\"text-align: justify;\"><span style=\"font-size: 12pt; font-family: arial, helvetica, sans-serif;\">Kupac reklamaciju mo\u017ee prijaviti putem e-mail adrese: koradojakac.vina@gmail.com.<\/span><\/p>\n<p class=\"Standardno\" style=\"text-align: justify;\"><span style=\"font-size: 12pt; font-family: arial, helvetica, sans-serif;\">Ako su rok i uvjeti u skladu s gore navedenim, reklamiranu robu Kupac \u0161alje na svoj tro\u0161ak, a Prodava\u010d snosi tro\u0161ak slanja ispravne robe prema Kupcu u roku od 10 dana.<\/span><\/p>\n<p class=\"Standardno\" style=\"text-align: justify;\"><span style=\"font-size: 12pt; font-family: arial, helvetica, sans-serif;\"><b>PRITU\u017dBE<\/b><\/span><br \/><span style=\"font-size: 12pt; font-family: arial, helvetica, sans-serif;\">U skladu s \u010dl. 8. Zakona o za\u0161titi potro\u0161a\u010da, s obzirom na kvalitetu na\u0161ih usluga, Kupac mo\u017ee podnijeti prigovor u pisanom obliku na adresu:<\/span><\/p>\n<p class=\"Standardno\" style=\"text-align: justify;\"><span style=\"font-size: 12pt; font-family: arial, helvetica, sans-serif;\">OPG Korado Jakac<\/span><\/p>\n<p class=\"Standardno\" style=\"text-align: justify;\"><span style=\"font-size: 12pt; font-family: arial, helvetica, sans-serif;\">Istarska 18, Ba\u0161anija<\/span><\/p>\n<p class=\"Standardno\" style=\"text-align: justify;\"><span style=\"font-size: 12pt; font-family: arial, helvetica, sans-serif;\">52475 SAVUDRIJA<\/span><\/p>\n<p class=\"Standardno\" style=\"text-align: justify;\"><span style=\"font-size: 12pt; font-family: arial, helvetica, sans-serif;\">HRVATSKA<\/span><\/p>\n<p class=\"Standardno\" style=\"text-align: justify;\"><span style=\"font-size: 12pt; font-family: arial, helvetica, sans-serif;\">Ili na e-mail: <span class=\"Hyperlink0\"><a href=\"mailto:koradojakac.vina@gmail.com\">koradojakac.vina@gmail.com<\/a><\/span><\/span><\/p>\n<p class=\"Standardno\" style=\"text-align: justify;\"><span style=\"font-size: 12pt; font-family: arial, helvetica, sans-serif;\">Pritu\u017eba mora sadr\u017eavati: ime, prezime, adresu i e-mail adresu za odgovor. Mi \u0107emo odgovoriti na va\u0161 pismeni prigovor u roku od 7 dana od dana primitka prigovora.<\/span><\/p>\n<p class=\"Standardno\" style=\"text-align: justify;\"><span style=\"font-size: 12pt;\"><span style=\"font-family: arial, helvetica, sans-serif;\"><b>\u00a0<\/b><\/span><span style=\"font-family: arial, helvetica, sans-serif;\"><b>SIGURNOST PODATAKA POTREBNIH ZA KUPNJU<\/b><\/span><\/span><\/p>\n<p class=\"Standardno\" style=\"text-align: justify;\"><span style=\"font-size: 12pt; font-family: arial, helvetica, sans-serif;\">Va\u0161i kontaktni podaci, e-mail, telefon i mobitel te adresa, biti \u0107e kori\u0161teni isklju\u010divo u svrhe provjere i dostave Va\u0161e narud\u017ebe te u svrhu informiranja Vas kao na\u0161eg kupca o posebnim akcijama, pogodnostima te promjenama u funkcioniranju web-shopa.<\/span><\/p>\n<p class=\"Standardno\" style=\"text-align: justify;\"><span style=\"font-size: 12pt; font-family: arial, helvetica, sans-serif;\">JEZIK<\/span><\/p>\n<p class=\"Standardno\" style=\"text-align: justify;\"><span style=\"font-size: 12pt; font-family: arial, helvetica, sans-serif;\">Narud\u017ebe se zaprimaju na hrvatskom,talijanskom,njema\u010dkom ili engleskom jeziku.<\/span><\/p>\n<p class=\"Standardno\" style=\"text-align: justify;\"><span style=\"font-size: 12pt; font-family: arial, helvetica, sans-serif;\">PODR\u0160KA<\/span><\/p>\n<p class=\"Standardno\" style=\"text-align: justify;\"><span style=\"font-size: 12pt; font-family: arial, helvetica, sans-serif;\">Imate li bilo kakvih pitanja ili pote\u0161ko\u0107a, slobodno nam se obratite na adresu: koradojakac.vina@gmail.com<\/span><\/p>\n<\/div><div class=\"fusion-clearfix\"><\/div><\/div><\/div><div class=\"fusion-layout-column fusion_builder_column fusion-builder-column-2 fusion_builder_column_1_6 1_6 fusion-one-sixth fusion-column-last\" style=\"--awb-bg-size:cover;width:16.666666666667%;width:calc(16.666666666667% - ( ( 4% + 4% ) * 0.16666666666667 ) );\"><div class=\"fusion-column-wrapper fusion-flex-column-wrapper-legacy\"><div class=\"fusion-clearfix\"><\/div><\/div><\/div><\/div><\/div>\n","protected":false},"excerpt":{"rendered":"","protected":false},"author":1,"featured_media":0,"parent":0,"menu_order":0,"comment_status":"closed","ping_status":"closed","template":"","meta":{"footnotes":""},"class_list":["post-2057","page","type-page","status-publish","hentry"],"_links":{"self":[{"href":"https:\/\/vina-jakac.hr\/en\/wp-json\/wp\/v2\/pages\/2057","targetHints":{"allow":["GET"]}}],"collection":[{"href":"https:\/\/vina-jakac.hr\/en\/wp-json\/wp\/v2\/pages"}],"about":[{"href":"https:\/\/vina-jakac.hr\/en\/wp-json\/wp\/v2\/types\/page"}],"author":[{"embeddable":true,"href":"https:\/\/vina-jakac.hr\/en\/wp-json\/wp\/v2\/users\/1"}],"replies":[{"embeddable":true,"href":"https:\/\/vina-jakac.hr\/en\/wp-json\/wp\/v2\/comments?post=2057"}],"version-history":[{"count":2,"href":"https:\/\/vina-jakac.hr\/en\/wp-json\/wp\/v2\/pages\/2057\/revisions"}],"predecessor-version":[{"id":2174,"href":"https:\/\/vina-jakac.hr\/en\/wp-json\/wp\/v2\/pages\/2057\/revisions\/2174"}],"wp:attachment":[{"href":"https:\/\/vina-jakac.hr\/en\/wp-json\/wp\/v2\/media?parent=2057"}],"curies":[{"name":"wp","href":"https:\/\/api.w.org\/{rel}","templated":true}]}}