{"id":1644,"date":"2018-12-07T16:11:14","date_gmt":"2018-12-07T16:11:14","guid":{"rendered":"https:\/\/vina-jakac.eu\/i-vini\/"},"modified":"2020-08-12T00:32:04","modified_gmt":"2020-08-11T22:32:04","slug":"i-vini","status":"publish","type":"page","link":"https:\/\/vina-jakac.hr\/it\/i-vini\/","title":{"rendered":"Sui vini"},"content":{"rendered":"<p><div class=\"fusion-fullwidth fullwidth-box fusion-builder-row-1 nonhundred-percent-fullwidth non-hundred-percent-height-scrolling fusion-no-small-visibility\" style=\"--awb-border-radius-top-left:0px;--awb-border-radius-top-right:0px;--awb-border-radius-bottom-right:0px;--awb-border-radius-bottom-left:0px;--awb-flex-wrap:wrap;\" ><div class=\"fusion-builder-row fusion-row\"><div class=\"fusion-layout-column fusion_builder_column fusion-builder-column-0 fusion_builder_column_1_1 1_1 fusion-one-full fusion-column-first fusion-column-last\" style=\"--awb-bg-size:cover;\"><div class=\"fusion-column-wrapper fusion-column-has-shadow fusion-flex-column-wrapper-legacy\"><div class=\"fusion-sep-clear\"><\/div><div class=\"fusion-separator fusion-full-width-sep\" style=\"margin-left: auto;margin-right: auto;margin-top:80px;width:100%;\"><\/div><div class=\"fusion-sep-clear\"><\/div><div class=\"fusion-clearfix\"><\/div><\/div><\/div><\/div><\/div><div class=\"fusion-fullwidth fullwidth-box fusion-builder-row-2 nonhundred-percent-fullwidth non-hundred-percent-height-scrolling\" style=\"--awb-background-position:center bottom;--awb-border-radius-top-left:0px;--awb-border-radius-top-right:0px;--awb-border-radius-bottom-right:0px;--awb-border-radius-bottom-left:0px;--awb-padding-top:5%;--awb-padding-bottom:40px;--awb-margin-top:-5px;--awb-background-color:#ffffff;--awb-flex-wrap:wrap;\" ><div class=\"fusion-builder-row fusion-row\"><div class=\"fusion-layout-column fusion_builder_column fusion-builder-column-1 fusion_builder_column_1_6 1_6 fusion-one-sixth fusion-column-first\" style=\"--awb-bg-size:cover;width:16.666666666667%;width:calc(16.666666666667% - ( ( 4% + 4% ) * 0.16666666666667 ) );margin-right: 4%;\"><div class=\"fusion-column-wrapper fusion-column-has-shadow fusion-flex-column-wrapper-legacy\"><div class=\"fusion-clearfix\"><\/div><\/div><\/div><div class=\"fusion-layout-column fusion_builder_column fusion-builder-column-2 fusion_builder_column_2_3 2_3 fusion-two-third fusion-column-no-min-height\" style=\"--awb-padding-top:60px;--awb-bg-position:center top;--awb-bg-size:cover;width:66.666666666667%;width:calc(66.666666666667% - ( ( 4% + 4% ) * 0.66666666666667 ) );margin-right: 4%;\"><div class=\"fusion-column-wrapper fusion-column-has-shadow fusion-flex-column-wrapper-legacy\"><div class=\"fusion-column-content-centered\"><div class=\"fusion-column-content\"><div class=\"fusion-title title fusion-title-1 fusion-sep-none fusion-title-center fusion-title-text fusion-title-size-two\" style=\"--awb-margin-bottom:0px;--awb-margin-top-small:0px;--awb-margin-right-small:0px;--awb-margin-bottom-small:20px;--awb-margin-left-small:0px;\"><h2 class=\"fusion-title-heading title-heading-center fusion-responsive-typography-calculated\" style=\"margin:0;--fontSize:16;--minFontSize:16;line-height:1.2;\">VINI DI QUALIT\u00c0<\/h2><\/div><div class=\"fusion-title title fusion-title-2 fusion-sep-none fusion-title-center fusion-title-text fusion-title-size-three\" style=\"--awb-margin-bottom:40px;--awb-margin-top-small:0px;--awb-margin-right-small:0px;--awb-margin-bottom-small:20px;--awb-margin-left-small:0px;--awb-font-size:70px;\"><h3 class=\"fusion-title-heading title-heading-center fusion-responsive-typography-calculated\" style=\"margin:0;font-size:1em;--fontSize:70;line-height:1.4;\"><span style=\"color: #bd925d; font-size: 36pt;\">Oltre i limiti del gusto<\/span><\/h3><\/div><div class=\"fusion-text fusion-text-1\"><p style=\"text-align: justify;\"><em><strong>Ci piace paragonare la nostra attivit\u00e0 ad un albero, che all&#8217;inizio era piccolo e fragile, con una vita incerta ma poi, grazie al lavoro di ognuno di noi \u00e8 diventato forte e prosperoso. Tale forza per\u00f2, una volta conquistata non \u00e8 eterna: necessita sempre di nuova linfa.<\/strong><\/em><\/p>\n<p style=\"text-align: justify;\">Cos\u00ec come i suoi rami guardano verso il cielo le radici penetrano nelle profondit\u00e0 della penisola. In principio, impaurite si ancoravano alle zone a loro conosciute portandoci malvasia, refosco e terrano, ma poi con coraggio hanno iniziato a crescere e viaggiare\u00a0 facendoci conoscere il cabernet sauvignon, lo chardonnay ed il merlot.<\/p>\n<p>Accolti nella nostra grande casa sono diventati parte dell&#8217;assortimento, e anzi ci hanno permesso di espanderlo creando, dalla versatilit\u00e0 del merlot, due incredibili rosati, uno secco ed uno dolce, mentre dalla sua unione con il refosco \u00e8 nato il misto.<\/p>\n<\/div><div class=\"fusion-sep-clear\"><\/div><div class=\"fusion-separator fusion-full-width-sep\" style=\"margin-left: auto;margin-right: auto;margin-top:5px;width:100%;\"><\/div><div class=\"fusion-sep-clear\"><\/div><div class=\"fusion-align-block\"><a class=\"fusion-button button-flat button-xlarge button-custom fusion-button-default button-1 fusion-button-span-yes fusion-button-default-type fusion-has-button-gradient\" style=\"--button_accent_color:#be9359;--button_accent_hover_color:#000000;--button_border_hover_color:#000000;--button_gradient_top_color:rgba(0,0,0,0);--button_gradient_bottom_color:rgba(0,0,0,0);--button_gradient_top_color_hover:rgba(255,255,255,0);--button_gradient_bottom_color_hover:#ffffff;\" target=\"_self\" href=\"https:\/\/vina-jakac.hr\/it\/wine-shop\/\"><span class=\"fusion-button-text awb-button__text awb-button__text--default\"> VEDI ALTRO<\/span><\/a><\/div><\/div><\/div><div class=\"fusion-clearfix\"><\/div><\/div><\/div><div class=\"fusion-layout-column fusion_builder_column fusion-builder-column-3 fusion_builder_column_1_6 1_6 fusion-one-sixth fusion-column-last\" style=\"--awb-bg-size:cover;width:16.666666666667%;width:calc(16.666666666667% - ( ( 4% + 4% ) * 0.16666666666667 ) );\"><div class=\"fusion-column-wrapper fusion-column-has-shadow fusion-flex-column-wrapper-legacy\"><div class=\"fusion-clearfix\"><\/div><\/div><\/div><div class=\"fusion-layout-column fusion_builder_column fusion-builder-column-4 fusion_builder_column_1_1 1_1 fusion-one-full fusion-column-first fusion-column-last fusion-column-no-min-height\" style=\"--awb-padding-top:10px;--awb-bg-position:right center;--awb-bg-size:cover;\"><div class=\"fusion-column-wrapper fusion-column-has-shadow fusion-flex-column-wrapper-legacy\"><div class=\"fusion-column-content-centered\"><div class=\"fusion-column-content\"><div class=\"awb-gallery-wrapper awb-gallery-wrapper-1 button-span-no\"><div style=\"margin:-5px;--awb-bordersize:0px;\" class=\"fusion-gallery fusion-gallery-container fusion-grid-2 fusion-columns-total-2 fusion-gallery-layout-grid fusion-gallery-1\"><div style=\"padding:5px;\" class=\"fusion-grid-column fusion-gallery-column fusion-gallery-column-2 hover-type-zoomin\"><div class=\"fusion-gallery-image\"><a href=\"https:\/\/vina-jakac.hr\/wp-content\/uploads\/2019\/08\/Slider_1xx.jpg\" rel=\"noreferrer\" data-rel=\"iLightbox[gallery_image_1]\" class=\"fusion-lightbox\" target=\"_self\"><img decoding=\"async\" src=\"https:\/\/vina-jakac.hr\/wp-content\/uploads\/2019\/08\/Slider_1xx.jpg\" width=\"1920\" height=\"1281\" alt=\"\" title=\"Slider_1xx\" aria-label=\"Slider_1xx\" class=\"img-responsive wp-image-1210\" srcset=\"https:\/\/vina-jakac.hr\/wp-content\/uploads\/2019\/08\/Slider_1xx-200x133.jpg 200w, https:\/\/vina-jakac.hr\/wp-content\/uploads\/2019\/08\/Slider_1xx-400x267.jpg 400w, https:\/\/vina-jakac.hr\/wp-content\/uploads\/2019\/08\/Slider_1xx-600x400.jpg 600w, https:\/\/vina-jakac.hr\/wp-content\/uploads\/2019\/08\/Slider_1xx-800x534.jpg 800w, https:\/\/vina-jakac.hr\/wp-content\/uploads\/2019\/08\/Slider_1xx-1200x801.jpg 1200w, https:\/\/vina-jakac.hr\/wp-content\/uploads\/2019\/08\/Slider_1xx.jpg 1920w\" sizes=\"(min-width: 2200px) 100vw, (min-width: 712px) 568px, (min-width: 640px) 712px, \" \/><\/a><\/div><\/div><div style=\"padding:5px;\" class=\"fusion-grid-column fusion-gallery-column fusion-gallery-column-2 hover-type-zoomin\"><div class=\"fusion-gallery-image\"><a href=\"https:\/\/vina-jakac.hr\/wp-content\/uploads\/2019\/08\/Slider_2.jpg\" rel=\"noreferrer\" data-rel=\"iLightbox[gallery_image_1]\" class=\"fusion-lightbox\" target=\"_self\"><img decoding=\"async\" src=\"https:\/\/vina-jakac.hr\/wp-content\/uploads\/2019\/08\/Slider_2.jpg\" width=\"1920\" height=\"1281\" alt=\"\" title=\"Slider_2\" aria-label=\"Slider_2\" class=\"img-responsive wp-image-1213\" srcset=\"https:\/\/vina-jakac.hr\/wp-content\/uploads\/2019\/08\/Slider_2-200x133.jpg 200w, https:\/\/vina-jakac.hr\/wp-content\/uploads\/2019\/08\/Slider_2-400x267.jpg 400w, https:\/\/vina-jakac.hr\/wp-content\/uploads\/2019\/08\/Slider_2-600x400.jpg 600w, https:\/\/vina-jakac.hr\/wp-content\/uploads\/2019\/08\/Slider_2-800x534.jpg 800w, https:\/\/vina-jakac.hr\/wp-content\/uploads\/2019\/08\/Slider_2-1200x801.jpg 1200w, https:\/\/vina-jakac.hr\/wp-content\/uploads\/2019\/08\/Slider_2.jpg 1920w\" sizes=\"(min-width: 2200px) 100vw, (min-width: 712px) 568px, (min-width: 640px) 712px, \" \/><\/a><\/div><\/div><div class=\"clearfix\"><\/div><\/div><\/div><\/div><\/div><div class=\"fusion-clearfix\"><\/div><\/div><\/div><\/div><\/div><\/p>\n","protected":false},"excerpt":{"rendered":"","protected":false},"author":1,"featured_media":0,"parent":0,"menu_order":0,"comment_status":"closed","ping_status":"closed","template":"100-width.php","meta":{"footnotes":""},"class_list":["post-1644","page","type-page","status-publish","hentry"],"_links":{"self":[{"href":"https:\/\/vina-jakac.hr\/it\/wp-json\/wp\/v2\/pages\/1644","targetHints":{"allow":["GET"]}}],"collection":[{"href":"https:\/\/vina-jakac.hr\/it\/wp-json\/wp\/v2\/pages"}],"about":[{"href":"https:\/\/vina-jakac.hr\/it\/wp-json\/wp\/v2\/types\/page"}],"author":[{"embeddable":true,"href":"https:\/\/vina-jakac.hr\/it\/wp-json\/wp\/v2\/users\/1"}],"replies":[{"embeddable":true,"href":"https:\/\/vina-jakac.hr\/it\/wp-json\/wp\/v2\/comments?post=1644"}],"version-history":[{"count":6,"href":"https:\/\/vina-jakac.hr\/it\/wp-json\/wp\/v2\/pages\/1644\/revisions"}],"predecessor-version":[{"id":2385,"href":"https:\/\/vina-jakac.hr\/it\/wp-json\/wp\/v2\/pages\/1644\/revisions\/2385"}],"wp:attachment":[{"href":"https:\/\/vina-jakac.hr\/it\/wp-json\/wp\/v2\/media?parent=1644"}],"curies":[{"name":"wp","href":"https:\/\/api.w.org\/{rel}","templated":true}]}}