{"id":1692,"date":"2019-09-05T20:42:19","date_gmt":"2019-09-05T18:42:19","guid":{"rendered":"https:\/\/vina-jakac.eu\/azienda\/"},"modified":"2019-10-28T05:10:07","modified_gmt":"2019-10-28T04:10:07","slug":"azienda","status":"publish","type":"page","link":"https:\/\/vina-jakac.hr\/it\/azienda\/","title":{"rendered":"Azienda"},"content":{"rendered":"<p><div class=\"fusion-fullwidth fullwidth-box fusion-builder-row-1 fusion-parallax-none nonhundred-percent-fullwidth non-hundred-percent-height-scrolling fusion-equal-height-columns\" style=\"--awb-background-position:center top;--awb-border-radius-top-left:0px;--awb-border-radius-top-right:0px;--awb-border-radius-bottom-right:0px;--awb-border-radius-bottom-left:0px;--awb-padding-top:3%;--awb-padding-bottom:3%;--awb-margin-bottom:0px;--awb-background-color:rgba(0,0,0,0);--awb-background-image:url(&quot;https:\/\/vina-jakac.eu\/wp-content\/uploads\/2019\/09\/bw_bg1.jpg&quot;);--awb-background-size:cover;--awb-flex-wrap:wrap;\" ><div class=\"fusion-builder-row fusion-row\"><div class=\"fusion-layout-column fusion_builder_column fusion-builder-column-0 fusion_builder_column_1_6 1_6 fusion-one-sixth fusion-column-first\" style=\"--awb-bg-size:cover;width:16.666666666667%;width:calc(16.666666666667% - ( ( 4% + 4% ) * 0.16666666666667 ) );margin-right: 4%;\"><div class=\"fusion-column-wrapper fusion-flex-column-wrapper-legacy\"><div class=\"fusion-clearfix\"><\/div><\/div><\/div><div class=\"fusion-layout-column fusion_builder_column fusion-builder-column-1 fusion_builder_column_2_3 2_3 fusion-two-third fusion-animated\" style=\"--awb-padding-top:20px;--awb-bg-position:center top;--awb-bg-size:cover;width:66.666666666667%;width:calc(66.666666666667% - ( ( 4% + 4% ) * 0.66666666666667 ) );margin-right: 4%;\" data-animationType=\"fadeInLeft\" data-animationDuration=\"0.5\" data-animationOffset=\"top-into-view\"><div class=\"fusion-column-wrapper fusion-flex-column-wrapper-legacy\"><div class=\"fusion-column-content-centered\"><div class=\"fusion-column-content\"><div class=\"fusion-sep-clear\"><\/div><div class=\"fusion-separator fusion-no-small-visibility fusion-full-width-sep\" style=\"margin-left: auto;margin-right: auto;margin-bottom:20px;width:100%;\"><\/div><div class=\"fusion-sep-clear\"><\/div><div class=\"fusion-title title fusion-title-1 fusion-sep-none fusion-title-center fusion-title-text fusion-title-size-three\" style=\"--awb-margin-bottom:0px;--awb-margin-top-small:0px;--awb-margin-right-small:0px;--awb-margin-bottom-small:20px;--awb-margin-left-small:0px;--awb-font-size:70px;\"><h3 class=\"fusion-title-heading title-heading-center fusion-responsive-typography-calculated\" style=\"margin:0;font-size:1em;--fontSize:70;line-height:1.4;\"><span style=\"color: #333333;\">Chi siamo<\/span><\/h3><\/div><div class=\"fusion-sep-clear\"><\/div><div class=\"fusion-separator fusion-no-small-visibility fusion-full-width-sep\" style=\"margin-left: auto;margin-right: auto;margin-bottom:30px;width:100%;\"><\/div><div class=\"fusion-sep-clear\"><\/div><div class=\"fusion-text fusion-text-1\"><p style=\"text-align: justify;\"><span style=\"color: #ffffff;\"><span style=\"color: #000000;\">Nasce tra i colli del Buiese, a pochi passi dal confine sloveno, la nostra impresa vitivinicola, che oramai, gi\u00e0 da cinque generazioni ci accompagna. Passando di padre in figlio, da nonno a nipote conserva intatta la memoria dei nostri predecessori, grandi insegnanti di cultura e passione. Circondata da boschi di querce, castani, carpini e roverelle, dalle fronde verdi d\u2019estate e variopinte d\u2019autunno, immersa nella selvaggia Istria lontano dal caos cittadino, offre prodotti di grande qualit\u00e0, migliorati costantemente da tecnologia e sapienza.<\/span> <\/span><\/p>\n<\/div><div class=\"fusion-fa-align-center\"><i class=\"fb-icon-element-1 fb-icon-element fontawesome-icon fa-angle-down fas circle-no\" style=\"--awb-iconcolor:#000000;--awb-iconcolor-hover:#000000;--awb-font-size:45px;--awb-margin-top:5px;\"><\/i><\/div><div class=\"fusion-sep-clear\"><\/div><div class=\"fusion-separator fusion-no-small-visibility fusion-full-width-sep\" style=\"margin-left: auto;margin-right: auto;margin-bottom:40px;width:100%;\"><\/div><div class=\"fusion-sep-clear\"><\/div><\/div><\/div><div class=\"fusion-clearfix\"><\/div><\/div><\/div><div class=\"fusion-layout-column fusion_builder_column fusion-builder-column-2 fusion_builder_column_1_6 1_6 fusion-one-sixth fusion-column-last\" style=\"--awb-bg-size:cover;width:16.666666666667%;width:calc(16.666666666667% - ( ( 4% + 4% ) * 0.16666666666667 ) );\"><div class=\"fusion-column-wrapper fusion-flex-column-wrapper-legacy\"><div class=\"fusion-clearfix\"><\/div><\/div><\/div><\/div><\/div><div class=\"fusion-fullwidth fullwidth-box fusion-builder-row-2 nonhundred-percent-fullwidth non-hundred-percent-height-scrolling fusion-equal-height-columns\" style=\"--awb-border-radius-top-left:0px;--awb-border-radius-top-right:0px;--awb-border-radius-bottom-right:0px;--awb-border-radius-bottom-left:0px;--awb-padding-top:3%;--awb-padding-bottom:6%;--awb-flex-wrap:wrap;\" ><div class=\"fusion-builder-row fusion-row\"><div class=\"fusion-layout-column fusion_builder_column fusion-builder-column-3 fusion_builder_column_1_6 1_6 fusion-one-sixth fusion-column-first\" style=\"--awb-bg-size:cover;width:16.666666666667%;width:calc(16.666666666667% - ( ( 4% + 4% ) * 0.16666666666667 ) );margin-right: 4%;\"><div class=\"fusion-column-wrapper fusion-flex-column-wrapper-legacy\"><div class=\"fusion-clearfix\"><\/div><\/div><\/div><div class=\"fusion-layout-column fusion_builder_column fusion-builder-column-4 fusion_builder_column_2_3 2_3 fusion-two-third fusion-column-no-min-height\" style=\"--awb-bg-size:cover;width:66.666666666667%;width:calc(66.666666666667% - ( ( 4% + 4% ) * 0.66666666666667 ) );margin-right: 4%;\"><div class=\"fusion-column-wrapper fusion-column-has-shadow fusion-flex-column-wrapper-legacy\"><div class=\"fusion-title title fusion-title-2 fusion-sep-none fusion-title-text fusion-title-size-two\" style=\"--awb-margin-bottom:0px;--awb-margin-top-small:0px;--awb-margin-right-small:0px;--awb-margin-bottom-small:20px;--awb-margin-left-small:0px;\"><h2 class=\"fusion-title-heading title-heading-right fusion-responsive-typography-calculated\" style=\"margin:0;--fontSize:16;--minFontSize:16;line-height:1.2;\"><p style=\"text-align: center;\">L&#8217;AZIENDA A CONDUZIONE<\/p><\/h2><\/div><div class=\"fusion-title title fusion-title-3 fusion-sep-none fusion-title-text fusion-title-size-three\" style=\"--awb-margin-top-small:0px;--awb-margin-right-small:0px;--awb-margin-bottom-small:20px;--awb-margin-left-small:0px;--awb-font-size:70px;\"><h3 class=\"fusion-title-heading title-heading-right fusion-responsive-typography-calculated\" style=\"margin:0;font-size:1em;--fontSize:70;line-height:1.4;\"><p style=\"text-align: center;\"><span style=\"font-size: 36pt;\"><span style=\"color: #bd925d;\">Familiare Korado Jakac<\/span> <\/span><\/p><\/h3><\/div><div class=\"fusion-text fusion-text-2\"><p style=\"text-align: justify;\"><em><strong>Con circa 21 ettari di terreno tra prati, oliveti, foreste, e 6 di vigneto, collocati su terra rossa, cerchiamo di preservare al meglio la tradizione, rimanendo per\u00f2 aperti a novit\u00e0 e cambiamento che, attraverso tecniche e studi, arricchiscono nonch\u00e9 valorizzano la gi\u00e0 nota arte della vinificazione, aprendo cos\u00ec nuove strade verso il futuro.<\/strong><\/em><\/p>\n<p style=\"text-align: justify;\">\u00c8 da questo connubio perfetto tra passato e presente, tra maestria e scienza che derivano i nostri vini, prodotti di grande qualit\u00e0 contraddistinti da armonia ed eleganza. La nostra filosofia quindi ci impone una costante ricerca della materia prima dove, in un flusso continuo di perfezionamento, dalla collaborazione tra uomo e natura, protetta nell&#8217;oscurit\u00e0 e nel silenzio delle botti, rinasce come vino.<\/p>\n<p style=\"text-align: justify;\">Dai vitigni, sia autoctoni che alloctoni, coltivati con estrema cura, ricaviamo vini dalla forte personalit\u00e0 marcata da aromi decisi, ma allo stesso tempo raffinati. Sono proprio questi, uniti in un delicato equilibrio, a sprigionare l&#8217;emozione racchiusa nel bicchiere. Spaziando dal rosso al bianco al rosato offriamo ampie impressioni sensoriali, molto diverse fra loro, ma ugualmente gradevoli al palato, ponendo per\u00f2 l&#8217;accento sui vini del territorio. Derivano infatti da uve nere autoctone il refosco ed il terrano che, particolarmente corposi e tannici, dominano il paesaggio viticolo istriano assieme ad un altro grande prodotto locale: la malvasia, bianco secco, dal sapore pieno ed avvolgente. Sono loro a custodire i sapori della nostra terra, unica nel suo genere, caratterizzata da un continuo susseguirsi di popoli, portatori di grandi ricchezze, ma anche di incolmabili sventure, scrittori indiscussi della sua storia a tratti ancora da scoprire.<\/p>\n<\/div><div class=\"fusion-clearfix\"><\/div><\/div><\/div><div class=\"fusion-layout-column fusion_builder_column fusion-builder-column-5 fusion_builder_column_1_6 1_6 fusion-one-sixth fusion-column-last\" style=\"--awb-bg-size:cover;width:16.666666666667%;width:calc(16.666666666667% - ( ( 4% + 4% ) * 0.16666666666667 ) );\"><div class=\"fusion-column-wrapper fusion-flex-column-wrapper-legacy\"><div class=\"fusion-clearfix\"><\/div><\/div><\/div><div class=\"fusion-layout-column fusion_builder_column fusion-builder-column-6 fusion_builder_column_1_1 1_1 fusion-one-full fusion-column-first fusion-column-last\" style=\"--awb-bg-size:cover;\"><div class=\"fusion-column-wrapper fusion-column-has-shadow fusion-flex-column-wrapper-legacy\"><div class=\"awb-gallery-wrapper awb-gallery-wrapper-1 button-span-no\"><div style=\"margin:-5px;--awb-bordersize:0px;\" class=\"fusion-gallery fusion-gallery-container fusion-grid-3 fusion-columns-total-6 fusion-gallery-layout-masonry fusion-gallery-1\"><div class=\"fusion-grid-column fusion-gallery-column fusion-gallery-column-3 hover-type-zoomin fusion-grid-sizer\"><\/div><div style=\"padding:5px;\" class=\"fusion-grid-column fusion-gallery-column fusion-gallery-column-3 hover-type-zoomin fusion-element-portrait\"><div class=\"fusion-gallery-image\"><a href=\"https:\/\/vina-jakac.hr\/wp-content\/uploads\/2019\/09\/IMG_3507_resize.jpeg\" rel=\"noreferrer\" data-rel=\"iLightbox[gallery_image_1]\" class=\"fusion-lightbox\" target=\"_self\"><div style=\"background-image:url(https:\/\/vina-jakac.hr\/wp-content\/uploads\/2019\/09\/IMG_3507_resize.jpeg);padding-top:calc((100% + 10px) * 1.6);background-position:;\" class=\"fusion-masonry-element-container\"><img decoding=\"async\" src=\"https:\/\/vina-jakac.hr\/wp-content\/uploads\/2019\/09\/IMG_3507_resize.jpeg\" width=\"1897\" height=\"2808\" alt=\"\" title=\"IMG_3507_resize\" aria-label=\"IMG_3507_resize\" class=\"img-responsive wp-image-1426\" srcset=\"https:\/\/vina-jakac.hr\/wp-content\/uploads\/2019\/09\/IMG_3507_resize-200x296.jpeg 200w, https:\/\/vina-jakac.hr\/wp-content\/uploads\/2019\/09\/IMG_3507_resize-400x592.jpeg 400w, https:\/\/vina-jakac.hr\/wp-content\/uploads\/2019\/09\/IMG_3507_resize-600x888.jpeg 600w, https:\/\/vina-jakac.hr\/wp-content\/uploads\/2019\/09\/IMG_3507_resize-800x1184.jpeg 800w, https:\/\/vina-jakac.hr\/wp-content\/uploads\/2019\/09\/IMG_3507_resize-1200x1776.jpeg 1200w, https:\/\/vina-jakac.hr\/wp-content\/uploads\/2019\/09\/IMG_3507_resize.jpeg 1897w\" sizes=\"(min-width: 2200px) 100vw, (min-width: 784px) 377px, (min-width: 712px) 565px, (min-width: 640px) 712px, \" \/><\/div><\/a><\/div><\/div><div style=\"padding:5px;\" class=\"fusion-grid-column fusion-gallery-column fusion-gallery-column-3 hover-type-zoomin fusion-element-portrait\"><div class=\"fusion-gallery-image\"><a href=\"https:\/\/vina-jakac.hr\/wp-content\/uploads\/2019\/09\/IMG_3527_resize.jpg\" rel=\"noreferrer\" data-rel=\"iLightbox[gallery_image_1]\" class=\"fusion-lightbox\" target=\"_self\"><div style=\"background-image:url(https:\/\/vina-jakac.hr\/wp-content\/uploads\/2019\/09\/IMG_3527_resize.jpg);padding-top:calc((100% + 10px) * 1.6);background-position:;\" class=\"fusion-masonry-element-container\"><img decoding=\"async\" src=\"https:\/\/vina-jakac.hr\/wp-content\/uploads\/2019\/09\/IMG_3527_resize.jpg\" width=\"1067\" height=\"1600\" alt=\"\" title=\"IMG_3527_resize\" aria-label=\"IMG_3527_resize\" class=\"img-responsive wp-image-1425\" srcset=\"https:\/\/vina-jakac.hr\/wp-content\/uploads\/2019\/09\/IMG_3527_resize-200x300.jpg 200w, https:\/\/vina-jakac.hr\/wp-content\/uploads\/2019\/09\/IMG_3527_resize-400x600.jpg 400w, https:\/\/vina-jakac.hr\/wp-content\/uploads\/2019\/09\/IMG_3527_resize-600x900.jpg 600w, https:\/\/vina-jakac.hr\/wp-content\/uploads\/2019\/09\/IMG_3527_resize-800x1200.jpg 800w, https:\/\/vina-jakac.hr\/wp-content\/uploads\/2019\/09\/IMG_3527_resize.jpg 1067w\" sizes=\"(min-width: 2200px) 100vw, (min-width: 784px) 377px, (min-width: 712px) 565px, (min-width: 640px) 712px, \" \/><\/div><\/a><\/div><\/div><div style=\"padding:5px;\" class=\"fusion-grid-column fusion-gallery-column fusion-gallery-column-3 hover-type-zoomin fusion-element-portrait\"><div class=\"fusion-gallery-image\"><a href=\"https:\/\/vina-jakac.hr\/wp-content\/uploads\/2019\/09\/IMG_3036_resize.jpeg\" rel=\"noreferrer\" data-rel=\"iLightbox[gallery_image_1]\" class=\"fusion-lightbox\" target=\"_self\"><div style=\"background-image:url(https:\/\/vina-jakac.hr\/wp-content\/uploads\/2019\/09\/IMG_3036_resize.jpeg);padding-top:calc((100% + 10px) * 1.6);background-position:;\" class=\"fusion-masonry-element-container\"><img decoding=\"async\" src=\"https:\/\/vina-jakac.hr\/wp-content\/uploads\/2019\/09\/IMG_3036_resize.jpeg\" width=\"1248\" height=\"1872\" alt=\"\" title=\"IMG_3036_resize\" aria-label=\"IMG_3036_resize\" class=\"img-responsive wp-image-1416\" srcset=\"https:\/\/vina-jakac.hr\/wp-content\/uploads\/2019\/09\/IMG_3036_resize-200x300.jpeg 200w, https:\/\/vina-jakac.hr\/wp-content\/uploads\/2019\/09\/IMG_3036_resize-400x600.jpeg 400w, https:\/\/vina-jakac.hr\/wp-content\/uploads\/2019\/09\/IMG_3036_resize-600x900.jpeg 600w, https:\/\/vina-jakac.hr\/wp-content\/uploads\/2019\/09\/IMG_3036_resize-800x1200.jpeg 800w, https:\/\/vina-jakac.hr\/wp-content\/uploads\/2019\/09\/IMG_3036_resize-1200x1800.jpeg 1200w, https:\/\/vina-jakac.hr\/wp-content\/uploads\/2019\/09\/IMG_3036_resize.jpeg 1248w\" sizes=\"(min-width: 2200px) 100vw, (min-width: 784px) 377px, (min-width: 712px) 565px, (min-width: 640px) 712px, \" \/><\/div><\/a><\/div><\/div><div style=\"padding:5px;\" class=\"fusion-grid-column fusion-gallery-column fusion-gallery-column-3 hover-type-zoomin fusion-element-grid\"><div class=\"fusion-gallery-image\"><a href=\"https:\/\/vina-jakac.hr\/wp-content\/uploads\/2019\/09\/IMG_3052_resize.jpeg\" rel=\"noreferrer\" data-rel=\"iLightbox[gallery_image_1]\" class=\"fusion-lightbox\" target=\"_self\"><div style=\"background-image:url(https:\/\/vina-jakac.hr\/wp-content\/uploads\/2019\/09\/IMG_3052_resize.jpeg);padding-top:calc((100% + 10px) * 0.8 - 5px);background-position:;\" class=\"fusion-masonry-element-container\"><img decoding=\"async\" src=\"https:\/\/vina-jakac.hr\/wp-content\/uploads\/2019\/09\/IMG_3052_resize.jpeg\" width=\"1870\" height=\"1247\" alt=\"\" title=\"IMG_3052_resize\" aria-label=\"IMG_3052_resize\" class=\"img-responsive wp-image-1417\" srcset=\"https:\/\/vina-jakac.hr\/wp-content\/uploads\/2019\/09\/IMG_3052_resize-200x133.jpeg 200w, https:\/\/vina-jakac.hr\/wp-content\/uploads\/2019\/09\/IMG_3052_resize-400x267.jpeg 400w, https:\/\/vina-jakac.hr\/wp-content\/uploads\/2019\/09\/IMG_3052_resize-600x400.jpeg 600w, https:\/\/vina-jakac.hr\/wp-content\/uploads\/2019\/09\/IMG_3052_resize-800x533.jpeg 800w, https:\/\/vina-jakac.hr\/wp-content\/uploads\/2019\/09\/IMG_3052_resize-1200x800.jpeg 1200w, https:\/\/vina-jakac.hr\/wp-content\/uploads\/2019\/09\/IMG_3052_resize.jpeg 1870w\" sizes=\"(min-width: 2200px) 100vw, (min-width: 784px) 377px, (min-width: 712px) 565px, (min-width: 640px) 712px, \" \/><\/div><\/a><\/div><\/div><div style=\"padding:5px;\" class=\"fusion-grid-column fusion-gallery-column fusion-gallery-column-3 hover-type-zoomin fusion-element-grid\"><div class=\"fusion-gallery-image\"><a href=\"https:\/\/vina-jakac.hr\/wp-content\/uploads\/2019\/09\/IMG_3065_resize.jpeg\" rel=\"noreferrer\" data-rel=\"iLightbox[gallery_image_1]\" class=\"fusion-lightbox\" target=\"_self\"><div style=\"background-image:url(https:\/\/vina-jakac.hr\/wp-content\/uploads\/2019\/09\/IMG_3065_resize.jpeg);padding-top:calc((100% + 10px) * 0.8 - 5px);background-position:;\" class=\"fusion-masonry-element-container\"><img decoding=\"async\" src=\"https:\/\/vina-jakac.hr\/wp-content\/uploads\/2019\/09\/IMG_3065_resize.jpeg\" width=\"1869\" height=\"1247\" alt=\"\" title=\"IMG_3065_resize\" aria-label=\"IMG_3065_resize\" class=\"img-responsive wp-image-1418\" srcset=\"https:\/\/vina-jakac.hr\/wp-content\/uploads\/2019\/09\/IMG_3065_resize-200x133.jpeg 200w, https:\/\/vina-jakac.hr\/wp-content\/uploads\/2019\/09\/IMG_3065_resize-400x267.jpeg 400w, https:\/\/vina-jakac.hr\/wp-content\/uploads\/2019\/09\/IMG_3065_resize-600x400.jpeg 600w, https:\/\/vina-jakac.hr\/wp-content\/uploads\/2019\/09\/IMG_3065_resize-800x534.jpeg 800w, https:\/\/vina-jakac.hr\/wp-content\/uploads\/2019\/09\/IMG_3065_resize-1200x801.jpeg 1200w, https:\/\/vina-jakac.hr\/wp-content\/uploads\/2019\/09\/IMG_3065_resize.jpeg 1869w\" sizes=\"(min-width: 2200px) 100vw, (min-width: 784px) 377px, (min-width: 712px) 565px, (min-width: 640px) 712px, \" \/><\/div><\/a><\/div><\/div><div style=\"padding:5px;\" class=\"fusion-grid-column fusion-gallery-column fusion-gallery-column-3 hover-type-zoomin fusion-element-grid\"><div class=\"fusion-gallery-image\"><a href=\"https:\/\/vina-jakac.hr\/wp-content\/uploads\/2019\/09\/IMG_3089_resize.jpeg\" rel=\"noreferrer\" data-rel=\"iLightbox[gallery_image_1]\" class=\"fusion-lightbox\" target=\"_self\"><div style=\"background-image:url(https:\/\/vina-jakac.hr\/wp-content\/uploads\/2019\/09\/IMG_3089_resize.jpeg);padding-top:calc((100% + 10px) * 0.8 - 5px);background-position:;\" class=\"fusion-masonry-element-container\"><img decoding=\"async\" src=\"https:\/\/vina-jakac.hr\/wp-content\/uploads\/2019\/09\/IMG_3089_resize.jpeg\" width=\"1870\" height=\"1247\" alt=\"\" title=\"IMG_3089_resize\" aria-label=\"IMG_3089_resize\" class=\"img-responsive wp-image-1419\" srcset=\"https:\/\/vina-jakac.hr\/wp-content\/uploads\/2019\/09\/IMG_3089_resize-200x133.jpeg 200w, https:\/\/vina-jakac.hr\/wp-content\/uploads\/2019\/09\/IMG_3089_resize-400x267.jpeg 400w, https:\/\/vina-jakac.hr\/wp-content\/uploads\/2019\/09\/IMG_3089_resize-600x400.jpeg 600w, https:\/\/vina-jakac.hr\/wp-content\/uploads\/2019\/09\/IMG_3089_resize-800x533.jpeg 800w, https:\/\/vina-jakac.hr\/wp-content\/uploads\/2019\/09\/IMG_3089_resize-1200x800.jpeg 1200w, https:\/\/vina-jakac.hr\/wp-content\/uploads\/2019\/09\/IMG_3089_resize.jpeg 1870w\" sizes=\"(min-width: 2200px) 100vw, (min-width: 784px) 377px, (min-width: 712px) 565px, (min-width: 640px) 712px, \" \/><\/div><\/a><\/div><\/div><\/div><\/div><div class=\"fusion-clearfix\"><\/div><\/div><\/div><\/div><\/div><\/p>\n","protected":false},"excerpt":{"rendered":"","protected":false},"author":1,"featured_media":0,"parent":0,"menu_order":0,"comment_status":"closed","ping_status":"closed","template":"100-width.php","meta":{"footnotes":""},"class_list":["post-1692","page","type-page","status-publish","hentry"],"_links":{"self":[{"href":"https:\/\/vina-jakac.hr\/it\/wp-json\/wp\/v2\/pages\/1692","targetHints":{"allow":["GET"]}}],"collection":[{"href":"https:\/\/vina-jakac.hr\/it\/wp-json\/wp\/v2\/pages"}],"about":[{"href":"https:\/\/vina-jakac.hr\/it\/wp-json\/wp\/v2\/types\/page"}],"author":[{"embeddable":true,"href":"https:\/\/vina-jakac.hr\/it\/wp-json\/wp\/v2\/users\/1"}],"replies":[{"embeddable":true,"href":"https:\/\/vina-jakac.hr\/it\/wp-json\/wp\/v2\/comments?post=1692"}],"version-history":[{"count":3,"href":"https:\/\/vina-jakac.hr\/it\/wp-json\/wp\/v2\/pages\/1692\/revisions"}],"predecessor-version":[{"id":2333,"href":"https:\/\/vina-jakac.hr\/it\/wp-json\/wp\/v2\/pages\/1692\/revisions\/2333"}],"wp:attachment":[{"href":"https:\/\/vina-jakac.hr\/it\/wp-json\/wp\/v2\/media?parent=1692"}],"curies":[{"name":"wp","href":"https:\/\/api.w.org\/{rel}","templated":true}]}}