{"id":1756,"date":"2019-08-29T15:58:19","date_gmt":"2019-08-29T13:58:19","guid":{"rendered":"https:\/\/vina-jakac.eu\/proizvod\/chardonnay-bottiglia-2018\/"},"modified":"2019-10-06T23:42:28","modified_gmt":"2019-10-06T21:42:28","slug":"chardonnay-bottiglia-2018","status":"publish","type":"product","link":"https:\/\/vina-jakac.hr\/it\/proizvod\/chardonnay-bottiglia-2018\/","title":{"rendered":"Chardonnay &#8211; 2018"},"content":{"rendered":"<p style=\"text-align: justify;\"><strong><em><br \/>\n<\/em><\/strong><em>Presenta un color giallo paglierino acceso dai riflessi dorati, di elevata complessit\u00e0 olfattiva, con predominanza al gusto di morbidezza e aromaticit\u00e0. In complesso \u00e8 un vino molto raffinato ed elegante di buona struttura, il cui vitigno, nato in Francia ed oramai internazionale, si \u00e8 adattato perfettamente al terroir istriano. <\/em><\/p>\n","protected":false},"excerpt":{"rendered":"<p style=\"text-align: right;\"><img decoding=\"async\" class=\"wp-image-1620 alignright\" src=\"https:\/\/vina-jakac.eu\/wp-content\/uploads\/2019\/08\/circlee_110.png\" alt=\"\" width=\"85\" height=\"85\" srcset=\"https:\/\/vina-jakac.hr\/wp-content\/uploads\/2019\/08\/circlee_110-66x66.png 66w, https:\/\/vina-jakac.hr\/wp-content\/uploads\/2019\/08\/circlee_110-100x100.png 100w, https:\/\/vina-jakac.hr\/wp-content\/uploads\/2019\/08\/circlee_110.png 110w\" sizes=\"(max-width: 85px) 100vw, 85px\" \/><\/p>\n<p><span style=\"font-size: 12pt;\"><strong>VENDEMMIA:<\/strong>\u00a0 2018<\/span><br \/>\n<span style=\"font-size: 12pt;\"><strong>ABBINAMENTO:<\/strong> si sposa bene a piatti di pesce e carni bianche, principalmente pollame. <\/span><br \/>\n<span style=\"font-size: 12pt;\"><strong>TEMPERATURA DI SERVIZIO:<\/strong>\u00a0 10-12\u00b0C<\/span><br \/>\n<span style=\"font-size: 12pt;\"><strong>GRADAZIONE ALCOLICA:<\/strong>\u00a0 13%<\/span><br \/>\n<span style=\"font-size: 12pt;\"><strong>FORMATO:<\/strong>\u00a0 0,75 L<\/span><\/p>\n","protected":false},"featured_media":2205,"comment_status":"closed","ping_status":"closed","template":"","meta":[],"product_brand":[],"product_cat":[47],"product_tag":[],"class_list":{"0":"post-1756","1":"product","2":"type-product","3":"status-publish","4":"has-post-thumbnail","6":"product_cat-vini-it","7":"product_shipping_class-dostava-po-tezini-it","9":"first","10":"instock","11":"taxable","12":"shipping-taxable","13":"product-type-variable"},"_links":{"self":[{"href":"https:\/\/vina-jakac.hr\/it\/wp-json\/wp\/v2\/product\/1756","targetHints":{"allow":["GET"]}}],"collection":[{"href":"https:\/\/vina-jakac.hr\/it\/wp-json\/wp\/v2\/product"}],"about":[{"href":"https:\/\/vina-jakac.hr\/it\/wp-json\/wp\/v2\/types\/product"}],"replies":[{"embeddable":true,"href":"https:\/\/vina-jakac.hr\/it\/wp-json\/wp\/v2\/comments?post=1756"}],"wp:featuredmedia":[{"embeddable":true,"href":"https:\/\/vina-jakac.hr\/it\/wp-json\/wp\/v2\/media\/2205"}],"wp:attachment":[{"href":"https:\/\/vina-jakac.hr\/it\/wp-json\/wp\/v2\/media?parent=1756"}],"wp:term":[{"taxonomy":"product_brand","embeddable":true,"href":"https:\/\/vina-jakac.hr\/it\/wp-json\/wp\/v2\/product_brand?post=1756"},{"taxonomy":"product_cat","embeddable":true,"href":"https:\/\/vina-jakac.hr\/it\/wp-json\/wp\/v2\/product_cat?post=1756"},{"taxonomy":"product_tag","embeddable":true,"href":"https:\/\/vina-jakac.hr\/it\/wp-json\/wp\/v2\/product_tag?post=1756"}],"curies":[{"name":"wp","href":"https:\/\/api.w.org\/{rel}","templated":true}]}}