{"id":1834,"date":"2019-08-29T17:28:59","date_gmt":"2019-08-29T15:28:59","guid":{"rendered":"https:\/\/vina-jakac.eu\/proizvod\/malvasia-sfusa-2018\/"},"modified":"2019-09-22T10:11:32","modified_gmt":"2019-09-22T08:11:32","slug":"malvasia-sfusa-2018","status":"publish","type":"product","link":"https:\/\/vina-jakac.hr\/it\/proizvod\/malvasia-sfusa-2018\/","title":{"rendered":"Malvasia &#8211;  2018"},"content":{"rendered":"<p><strong><em><br \/>\n<\/em><\/strong><em>si presenta di un color giallo paglierino tenue dal profumo delicato e complesso. Al palato emerge tutto l&#8217;aroma del vitigno di origine che, completato dalla giusta freschezza e morbidezza la rendono unica. Nonostante sia un vino ancora giovane con un notevole potenziale d&#8217;invecchiamento \u00e8 ben equilibrato e la sua qualit\u00e0 \u00e8 confermata dalle varie medaglie ricevute nel corso degli anni nella competizione enologica Vinistra che si tiene ogni anno nel mese di maggio a Parenzo. Tra i vari riconoscimenti vogliamo ricordare le medaglie d&#8217;argento nel 2010 e 2012 e la medaglia d&#8217;oro nel 2011. Consigliamo la nostra malvasia a tutti coloro che prediligono vini delicati, giovani e di facile beva. <\/em><\/p>\n","protected":false},"excerpt":{"rendered":"<p><span style=\"font-size: 12pt;\"><strong>VENDEMMIA:<\/strong>\u00a0 2018<\/span><br \/>\n<span style=\"font-size: 12pt;\"><strong>ABBINAMENTO:<\/strong> adatta ai piatti leggeri a base di pesce, molluschi o crostacei, e carni bianche.<\/span><br \/>\n<span style=\"font-size: 12pt;\"><strong>TEMPERATURA DI SERVIZIO:<\/strong>\u00a0 8-10\u00b0C<\/span><br \/>\n<span style=\"font-size: 12pt;\"><strong>GRADAZIONE ALCOLICA:<\/strong>\u00a0 13,1%<\/span><br \/>\n<span style=\"font-size: 12pt;\"><strong>FORMATO:<\/strong>\u00a0 5 L<\/span><\/p>\n","protected":false},"featured_media":1835,"comment_status":"closed","ping_status":"closed","template":"","meta":[],"product_brand":[],"product_cat":[51],"product_tag":[],"class_list":{"0":"post-1834","1":"product","2":"type-product","3":"status-publish","4":"has-post-thumbnail","6":"product_cat-vini-rinfusa-it","7":"product_shipping_class-dostava-po-tezini-it","9":"first","10":"instock","11":"taxable","12":"shipping-taxable","13":"product-type-variable"},"_links":{"self":[{"href":"https:\/\/vina-jakac.hr\/it\/wp-json\/wp\/v2\/product\/1834","targetHints":{"allow":["GET"]}}],"collection":[{"href":"https:\/\/vina-jakac.hr\/it\/wp-json\/wp\/v2\/product"}],"about":[{"href":"https:\/\/vina-jakac.hr\/it\/wp-json\/wp\/v2\/types\/product"}],"replies":[{"embeddable":true,"href":"https:\/\/vina-jakac.hr\/it\/wp-json\/wp\/v2\/comments?post=1834"}],"wp:featuredmedia":[{"embeddable":true,"href":"https:\/\/vina-jakac.hr\/it\/wp-json\/wp\/v2\/media\/1835"}],"wp:attachment":[{"href":"https:\/\/vina-jakac.hr\/it\/wp-json\/wp\/v2\/media?parent=1834"}],"wp:term":[{"taxonomy":"product_brand","embeddable":true,"href":"https:\/\/vina-jakac.hr\/it\/wp-json\/wp\/v2\/product_brand?post=1834"},{"taxonomy":"product_cat","embeddable":true,"href":"https:\/\/vina-jakac.hr\/it\/wp-json\/wp\/v2\/product_cat?post=1834"},{"taxonomy":"product_tag","embeddable":true,"href":"https:\/\/vina-jakac.hr\/it\/wp-json\/wp\/v2\/product_tag?post=1834"}],"curies":[{"name":"wp","href":"https:\/\/api.w.org\/{rel}","templated":true}]}}