{"id":2257,"date":"2019-10-14T22:09:22","date_gmt":"2019-10-14T20:09:23","guid":{"rendered":"https:\/\/vina-jakac.hr\/?post_type=product&#038;p=2257"},"modified":"2019-10-21T10:37:44","modified_gmt":"2019-10-21T08:37:44","slug":"chardonnay-2018-it-kopiraj","status":"publish","type":"product","link":"https:\/\/vina-jakac.hr\/it\/proizvod\/chardonnay-2018-it-kopiraj\/","title":{"rendered":"Chardonnay &#8211;  2018"},"content":{"rendered":"<p><strong><em><br \/>\n<\/em><\/strong><em>dal colore giallo paglierino vivace emergono al naso intensi sentori fruttati accompagnati da inebrianti sfumature aromatiche. Esplode in bocca un sapore fresco e morbido dal carattere dolciastro. Anche questo \u00e8 un vino giovane la cui qualit\u00e0 \u00e8 garantita da diversi riconoscimenti ottenuti nella competizione enologica Vinistra quali le medaglie d&#8217;oro nel 2012, 2013 e 2014<\/em><\/p>\n","protected":false},"excerpt":{"rendered":"<p><span style=\"font-size: 12pt;\"><strong>VENDEMMIA:<\/strong>\u00a0 2018<\/span><br \/>\n<span style=\"font-size: 12pt;\"><strong>ABBINAMENTO:<\/strong> ideale con piatti leggeri a base di pesce, molluschi o crostacei, e carni bianche principalmente pollame.<\/span><br \/>\n<span style=\"font-size: 12pt;\"><strong>TEMPERATURA DI SERVIZIO:<\/strong>\u00a0 8-10\u00b0C<\/span><br \/>\n<span style=\"font-size: 12pt;\"><strong>GRADAZIONE ALCOLICA:<\/strong>\u00a0 12,9%<\/span><br \/>\n<span style=\"font-size: 12pt;\"><strong>FORMATO:<\/strong>\u00a0 5 L<\/span><\/p>\n","protected":false},"featured_media":1839,"comment_status":"closed","ping_status":"closed","template":"","meta":[],"product_brand":[],"product_cat":[51],"product_tag":[],"class_list":{"0":"post-2257","1":"product","2":"type-product","3":"status-publish","4":"has-post-thumbnail","6":"product_cat-vini-rinfusa-it","8":"first","9":"instock","10":"taxable","11":"shipping-taxable","12":"product-type-variable"},"_links":{"self":[{"href":"https:\/\/vina-jakac.hr\/it\/wp-json\/wp\/v2\/product\/2257","targetHints":{"allow":["GET"]}}],"collection":[{"href":"https:\/\/vina-jakac.hr\/it\/wp-json\/wp\/v2\/product"}],"about":[{"href":"https:\/\/vina-jakac.hr\/it\/wp-json\/wp\/v2\/types\/product"}],"replies":[{"embeddable":true,"href":"https:\/\/vina-jakac.hr\/it\/wp-json\/wp\/v2\/comments?post=2257"}],"wp:featuredmedia":[{"embeddable":true,"href":"https:\/\/vina-jakac.hr\/it\/wp-json\/wp\/v2\/media\/1839"}],"wp:attachment":[{"href":"https:\/\/vina-jakac.hr\/it\/wp-json\/wp\/v2\/media?parent=2257"}],"wp:term":[{"taxonomy":"product_brand","embeddable":true,"href":"https:\/\/vina-jakac.hr\/it\/wp-json\/wp\/v2\/product_brand?post=2257"},{"taxonomy":"product_cat","embeddable":true,"href":"https:\/\/vina-jakac.hr\/it\/wp-json\/wp\/v2\/product_cat?post=2257"},{"taxonomy":"product_tag","embeddable":true,"href":"https:\/\/vina-jakac.hr\/it\/wp-json\/wp\/v2\/product_tag?post=2257"}],"curies":[{"name":"wp","href":"https:\/\/api.w.org\/{rel}","templated":true}]}}